{"id":2353,"date":"2022-01-18T14:31:39","date_gmt":"2022-01-18T13:31:39","guid":{"rendered":"https:\/\/franciacortabelon.it\/?page_id=2353"},"modified":"2022-01-24T12:38:33","modified_gmt":"2022-01-24T11:38:33","slug":"guided-tours","status":"publish","type":"page","link":"https:\/\/franciacortabelon.it\/en\/visits\/guided-tours\/","title":{"rendered":"Guided Tours"},"content":{"rendered":"\n\n\t<section class=\"section\" id=\"section_773090918\">\n\t\t<div class=\"section-bg fill\" >\n\t\t\t\t\t\t\t\t\t\n\t\t\t\n\n\t\t<\/div>\n\n\t\t\n\n\t\t<div class=\"section-content relative\">\n\t\t\t\n<div class=\"row align-right\" style=\"max-width:733px\" id=\"row-788867819\">\n\n\t<div id=\"col-1097488776\" class=\"col small-12 large-12\"  >\n\t\t\t\t<div class=\"col-inner text-center\"  >\n\t\t\t\n\t\t\t<nav class=\"yoast-breadcrumb breadcrumbs\"><span><span><a href=\"https:\/\/franciacortabelon.it\/en\/\">Home<\/a><\/span><\/span><\/nav>\n\n\t<div id=\"text-4063341872\" class=\"text\">\n\t\t\n<h1>GUIDED TOURS<\/h1>\n\t\t\n<style>\n#text-4063341872 {\n  text-align: left;\n}\n<\/style>\n\t<\/div>\n\t\n\t<div id=\"gap-2138852277\" class=\"gap-element clearfix\" style=\"display:block; height:auto;\">\n\t\t\n<style>\n#gap-2138852277 {\n  padding-top: 40px;\n}\n<\/style>\n\t<\/div>\n\t\n\t<div id=\"text-2205626841\" class=\"text\">\n\t\t\n<p class=\"lead\">Discover the winery and taste the B\u00e8lon du B\u00e8lon world<br \/>\nCome and experience the winery and the B\u00e8lon du B\u00e8lon sparkling wines!<br \/>\nWe will take you to the discovery of the production of our prestigious wines, and the fascinating passages that make each bottle so special.<\/p>\n<p class=\"lead\">You will learn more about the history of the territory and the historical and productive peculiarities of Franciacorta, to finally savor our world by tasting 4 different wines, accompanied by a rich buffet.<\/p>\n\t\t\n<style>\n#text-2205626841 {\n  text-align: left;\n}\n<\/style>\n\t<\/div>\n\t\n\t\t<\/div>\n\t\t\t\t\t<\/div>\n\n\t\n\n<style>\n#row-788867819 > .col > .col-inner {\n  padding: 30px 0px 0px 0px;\n}\n<\/style>\n<\/div>\n\t\t<\/div>\n\n\t\t\n<style>\n#section_773090918 {\n  padding-top: 30px;\n  padding-bottom: 30px;\n}\n<\/style>\n\t<\/section>\n\t\n\n\t<section class=\"section\" id=\"section_1757857779\">\n\t\t<div class=\"section-bg fill\" >\n\t\t\t\t\t\t\t\t\t\n\t\t\t\n\n\t\t<\/div>\n\n\t\t\n\n\t\t<div class=\"section-content relative\">\n\t\t\t\n<div class=\"row\"  id=\"row-597307584\">\n\n\t<div id=\"col-537999857\" class=\"col medium-6 small-12 large-6\"  >\n\t\t\t\t<div class=\"col-inner text-left\"  >\n\t\t\t\n\t\t\t\n\t<div id=\"text-3881380361\" class=\"text\">\n\t\t\n<h2>WHAT IS INCLUDED IN THE TOUR?<\/h2>\n\t\t\n<style>\n#text-3881380361 {\n  text-align: left;\n}\n<\/style>\n\t<\/div>\n\t\n\t<div id=\"text-3930948015\" class=\"text\">\n\t\t\n<p class=\"alt-font\"><strong>Schedule<\/strong><br \/>\u2013<strong> 11:00 am<\/strong> Brief introduction on the history and features of the Franciacorta territory and visit of the cellar with illustrations of the winemaking processes<br \/>\u2013 <strong>12:00 am<\/strong> Tasting of wines with buffet &#8211; see below the various options<br \/>\u2013 <strong>2:30 pm<\/strong> End of the tour and possibility to buy wines<br \/>Tours are organized on request, reservations are required with 10 days&#8217; notice. The tours will take place upon reaching a minimum of 4 people (adults).<\/p>\n<p class=\"alt-font\"><strong>Package 1: 4 wines and buffet<\/strong> (variable cost based on the Pas Dos\u00e9 of preference)<br \/><strong>A Tasting: \u20ac40<\/strong><br \/>\u2022 1 glass of Brut, 1 glass of Sat\u00e8n, 1 glass of Rose and 1 glass of Pas Dos\u00e8 Blanc 48 months<br \/>Rich buffet with a wide choice of foods: cold cuts, cheeses, olives, croutons, bread sticks<br \/><strong>B Tasting: \u20ac43<\/strong><br \/>\u2022 1 glass of Brut, 1 glass of Sat\u00e8n, 1 glass of Rose and 1 glass of Pas Dos\u00e8 Noir Riserva 80 months<br \/>\u2022 Rich buffet with a wide choice of foods: cold cuts, cheeses, olives, croutons, bread sticks<br \/><strong>C Tasting: \u20ac46<\/strong><br \/>\u2022 1 glass of Brut, 1 glass of Sat\u00e8n, 1 glass of Rose and 1 glass of Pas Dos\u00e8 Vintage Riserva del Fondatore 120 months<br \/>\u2022 Rich buffet with a wide choice of foods: cold cuts, cheeses, olives, croutons, bread sticks<br \/><strong>D Tasting: \u20ac49<\/strong><br \/>\u2022 1 glass of Brut, 1 glass of Sat\u00e8n, 1 glass of Rose and 1 glass of Pas Dos\u00e8 Vintage Riserva del Fondatore 180 months<br \/>\u2022 Rich buffet with a wide choice of foods: cold cuts, cheeses, olives, croutons, bread sticks<br \/><strong>E Tasting: \u20ac52<\/strong><br \/>\u2022 1 glass of Brut, 1 glass of Sat\u00e8n, 1 glass of Rose and 1 glass of Pas Dos\u00e8 Vintage Riserva del Fondatore 240 months<br \/>\u2022 Rich buffet with a wide choice of foods: cold cuts, cheeses, olives, croutons, bread sticks<\/p>\n<p class=\"alt-font\"><strong>Package 2: 8 wines and buffet \u2013 \u20ac80<\/strong><br \/>The tasting of package 2 includes:<br \/>\u2022 8 glasses of wine<br \/>Rich buffet with a wide choice of foods: cold cuts, cheeses, olives, croutons, bread sticks<br \/>Wines for tasting: Brut \u2013 Sat\u00e8n \u2013 Pas Dos\u00e8 Blanc 48 months \u2013 Pas Dos\u00e8 Noir 80 months Riserva \u2013 Pas Dos\u00e8 Riserva del Fondatore 120 months, Pas Dos\u00e8 Riserva del Fondatore 180 months, Pas Dos\u00e8 Riserva del Fondatore 240 months.<\/p>\n\t\t\n<style>\n#text-3930948015 {\n  text-align: left;\n}\n<\/style>\n\t<\/div>\n\t\n\t\t<\/div>\n\t\t\t\t\t<\/div>\n\n\t\n\n\t<div id=\"col-562971399\" class=\"col medium-6 small-12 large-6\"  >\n\t\t\t\t<div class=\"col-inner\"  >\n\t\t\t\n\t\t\t\n\n<div class=\"wpcf7 no-js\" id=\"wpcf7-f2394-o1\" lang=\"en-US\" dir=\"ltr\" data-wpcf7-id=\"2394\">\n<div class=\"screen-reader-response\"><p role=\"status\" aria-live=\"polite\" aria-atomic=\"true\"><\/p> <ul><\/ul><\/div>\n<form action=\"\/en\/wp-json\/wp\/v2\/pages\/2353#wpcf7-f2394-o1\" method=\"post\" class=\"wpcf7-form init\" aria-label=\"Contact form\" novalidate=\"novalidate\" data-status=\"init\">\n<fieldset class=\"hidden-fields-container\"><input type=\"hidden\" name=\"_wpcf7\" value=\"2394\" \/><input type=\"hidden\" name=\"_wpcf7_version\" value=\"6.1.3\" \/><input type=\"hidden\" name=\"_wpcf7_locale\" value=\"en_US\" \/><input type=\"hidden\" name=\"_wpcf7_unit_tag\" value=\"wpcf7-f2394-o1\" \/><input type=\"hidden\" name=\"_wpcf7_container_post\" value=\"0\" \/><input type=\"hidden\" name=\"_wpcf7_posted_data_hash\" value=\"\" \/><input type=\"hidden\" name=\"_wpcf7_recaptcha_response\" value=\"\" \/>\n<\/fieldset>\n<div class=\"cf7\">\n\t<div class=\"cf7-half\">\n\t\t<p><label> Name*<br \/>\n<span class=\"wpcf7-form-control-wrap\" data-name=\"your-nome\"><input size=\"40\" maxlength=\"400\" class=\"wpcf7-form-control wpcf7-text wpcf7-validates-as-required\" aria-required=\"true\" aria-invalid=\"false\" value=\"\" type=\"text\" name=\"your-nome\" \/><\/span> <\/label>\n\t\t<\/p>\n\t<\/div>\n\t<div class=\"cf7-half pull-right\">\n\t\t<p><label> Surname*<br \/>\n<span class=\"wpcf7-form-control-wrap\" data-name=\"your-cognome\"><input size=\"40\" maxlength=\"400\" class=\"wpcf7-form-control wpcf7-text wpcf7-validates-as-required\" aria-required=\"true\" aria-invalid=\"false\" value=\"\" type=\"text\" name=\"your-cognome\" \/><\/span> <\/label>\n\t\t<\/p>\n\t<\/div>\n\t<p><label> Phone*<br \/>\n<span class=\"wpcf7-form-control-wrap\" data-name=\"your-phone\"><input size=\"40\" maxlength=\"400\" class=\"wpcf7-form-control wpcf7-tel wpcf7-validates-as-required wpcf7-text wpcf7-validates-as-tel\" aria-required=\"true\" aria-invalid=\"false\" value=\"\" type=\"tel\" name=\"your-phone\" \/><\/span> <\/label>\n\t<\/p>\n\t<p><label> Email*<br \/>\n<span class=\"wpcf7-form-control-wrap\" data-name=\"your-email\"><input size=\"40\" maxlength=\"400\" class=\"wpcf7-form-control wpcf7-email wpcf7-validates-as-required wpcf7-text wpcf7-validates-as-email\" aria-required=\"true\" aria-invalid=\"false\" value=\"\" type=\"email\" name=\"your-email\" \/><\/span> <\/label>\n\t<\/p>\n\t<p><label> Visit*<br \/>\n<span class=\"wpcf7-form-control-wrap\" data-name=\"your-visit\"><select class=\"wpcf7-form-control wpcf7-select wpcf7-validates-as-required\" aria-required=\"true\" aria-invalid=\"false\" name=\"your-visit\"><option value=\"\">Select visit ...<\/option><option value=\"Guided Tours\">Guided Tours<\/option><option value=\"Aperitif in the Cellar\">Aperitif in the Cellar<\/option><option value=\"Just for You\">Just for You<\/option><option value=\"A Winery for companies\">A Winery for companies<\/option><option value=\"Give a visit to the Winery\">Give a visit to the Winery<\/option><option value=\"Magic tasting on a boat in Venice\">Magic tasting on a boat in Venice<\/option><\/select><\/span> <\/label>\n\t<\/p>\n\t<div class=\"cf7-half\">\n\t\t<p><label> Participants*<br \/>\n<span class=\"wpcf7-form-control-wrap\" data-name=\"your-number\"><input class=\"wpcf7-form-control wpcf7-number wpcf7-validates-as-required wpcf7-validates-as-number\" min=\"1\" max=\"99\" step=\"1\" aria-required=\"true\" aria-invalid=\"false\" value=\"1\" type=\"number\" name=\"your-number\" \/><\/span> <\/label>\n\t\t<\/p>\n\t<\/div>\n\t<div class=\"cf7-half pull-right\">\n\t\t<p><label> Date*<br \/>\n<span class=\"wpcf7-form-control-wrap\" data-name=\"your-date\"><input class=\"wpcf7-form-control wpcf7-date wpcf7-validates-as-required wpcf7-validates-as-date\" min=\"2026-04-12\" step=\"1\" aria-required=\"true\" aria-invalid=\"false\" value=\"\" type=\"date\" name=\"your-date\" \/><\/span> <\/label>\n\t\t<\/p>\n\t<\/div>\n\t<p><label> Message<br \/>\n<span class=\"wpcf7-form-control-wrap\" data-name=\"your-message\"><textarea cols=\"40\" rows=\"10\" maxlength=\"2000\" class=\"wpcf7-form-control wpcf7-textarea\" aria-invalid=\"false\" name=\"your-message\"><\/textarea><\/span> <\/label>\n\t<\/p>\n\t<div id=\"cf7-disclaimer\">\n\t\t<p><label style=\"font-family:Rubik;\"><span class=\"wpcf7-form-control-wrap\" data-name=\"acceptance-418\"><span class=\"wpcf7-form-control wpcf7-acceptance\"><span class=\"wpcf7-list-item\"><label><input type=\"checkbox\" name=\"acceptance-418\" value=\"1\" aria-invalid=\"false\" \/><span class=\"wpcf7-list-item-label\">I have read and accept the <a href=\"http:\/\/franciacortabelon.it\/privacy-policy\/\">privacy policy<\/a><\/span><\/label><\/span><\/span><\/span><\/label><br \/>\n<label style=\"font-family:Rubik;\"><span class=\"wpcf7-form-control-wrap\" data-name=\"acceptance-mktg\"><span class=\"wpcf7-form-control wpcf7-acceptance optional\"><span class=\"wpcf7-list-item\"><label><input type=\"checkbox\" name=\"acceptance-mktg\" value=\"1\" aria-invalid=\"false\" \/><span class=\"wpcf7-list-item-label\">Sign me up for the newsletter to receive offers and promos<\/span><\/label><\/span><\/span><\/span><\/label><br \/>\n<label>I consent to the storage of my data in your archive as established by the European regulation for the protection of personal data n. 679\/2016, GDPR. You can delete them or request a copy by making an explicit request to<a href=\"mailto:info@franciacortabelon.it\">info@franciacortabelon.it<\/a><\/label>\n\t\t<\/p>\n\t<\/div>\n\t<p><input class=\"wpcf7-form-control wpcf7-submit has-spinner\" type=\"submit\" value=\"Send message\" \/>\n\t<\/p>\n<\/div><div class=\"wpcf7-response-output\" aria-hidden=\"true\"><\/div>\n<\/form>\n<\/div>\n\n\t\t<\/div>\n\t\t\t\t\t<\/div>\n\n\t\n\n<style>\n#row-597307584 > .col > .col-inner {\n  padding: 30px 0px 0px 0px;\n}\n<\/style>\n<\/div>\n\t\t<\/div>\n\n\t\t\n<style>\n#section_1757857779 {\n  padding-top: 0px;\n  padding-bottom: 0px;\n}\n<\/style>\n\t<\/section>\n\t\n\n\t<section class=\"section\" id=\"section_2058163266\">\n\t\t<div class=\"section-bg fill\" >\n\t\t\t\t\t\t\t\t\t\n\t\t\t\n\n\t\t<\/div>\n\n\t\t\n\n\t\t<div class=\"section-content relative\">\n\t\t\t\n\n\t<section class=\"section dark\" id=\"section_1944788841\">\n\t\t<div class=\"section-bg fill\" >\n\t\t\t<img decoding=\"async\" width=\"1350\" height=\"547\" src=\"https:\/\/franciacortabelon.it\/wp-content\/uploads\/Banner-shop.jpg\" class=\"bg attachment- size-\" alt=\"\" \/>\t\t\t\t\t\t<div class=\"section-bg-overlay absolute fill\"><\/div>\n\t\t\t\n\n\t\t<\/div>\n\n\t\t\n\n\t\t<div class=\"section-content relative\">\n\t\t\t\n\n<div class=\"row align-middle align-center\" style=\"max-width:841px\" id=\"row-1118904683\">\n\n\n\t<div id=\"col-310177755\" class=\"col medium-10 small-12 large-10\"  >\n\t\t\t\t<div class=\"col-inner text-center\"  >\n\t\t\t\n\t\t\t\n\n\t<div id=\"gap-684874945\" class=\"gap-element clearfix\" style=\"display:block; height:auto;\">\n\t\t\n<style>\n#gap-684874945 {\n  padding-top: 65px;\n}\n<\/style>\n\t<\/div>\n\t\n\n<h2><span style=\"color: #f3915e;\">DISCOVER OUR PRODUCTS<\/span><\/h2>\n\t<div id=\"gap-261108579\" class=\"gap-element clearfix\" style=\"display:block; height:auto;\">\n\t\t\n<style>\n#gap-261108579 {\n  padding-top: 65px;\n}\n<\/style>\n\t<\/div>\n\t\n\n\t<div id=\"text-395738744\" class=\"text\">\n\t\t\n\n<p>Visit the online shop to enter the B\u00e8lon du B\u00e8lon world immediately.<br \/>Discover our selection of excellent wines and all the gift boxes, perfect for any occasion.<\/p>\n\t\t\n<style>\n#text-395738744 {\n  font-size: 1.25rem;\n}\n<\/style>\n\t<\/div>\n\t\n\t<div id=\"gap-1627593823\" class=\"gap-element clearfix\" style=\"display:block; height:auto;\">\n\t\t\n<style>\n#gap-1627593823 {\n  padding-top: 65px;\n}\n<\/style>\n\t<\/div>\n\t\n\n<a href=\"https:\/\/franciacortabelon.it\/en\/store\/\" class=\"button primary is-outline\"  >\n\t\t<span>Go to the shop<\/span>\n\t<\/a>\n\n\n\t<div id=\"gap-397485879\" class=\"gap-element clearfix\" style=\"display:block; height:auto;\">\n\t\t\n<style>\n#gap-397485879 {\n  padding-top: 65px;\n}\n<\/style>\n\t<\/div>\n\t\n\n\n\t\t<\/div>\n\t\t\t\t\t<\/div>\n\n\t\n\n<\/div>\n\n\t\t<\/div>\n\n\t\t\n<style>\n#section_1944788841 {\n  padding-top: 30px;\n  padding-bottom: 30px;\n}\n#section_1944788841 .section-bg-overlay {\n  background-color: rgba(0, 0, 0, 0.471);\n}\n#section_1944788841 .section-bg img {\n  object-position: 25% 1%;\n}\n<\/style>\n\t<\/section>\n\t\n\t\t<\/div>\n\n\t\t\n<style>\n#section_2058163266 {\n  padding-top: 50px;\n  padding-bottom: 50px;\n}\n<\/style>\n\t<\/section>\n\t\n","protected":false},"excerpt":{"rendered":"","protected":false},"author":1,"featured_media":0,"parent":2344,"menu_order":0,"comment_status":"closed","ping_status":"closed","template":"page-blank.php","meta":{"_acf_changed":false,"footnotes":""},"class_list":["post-2353","page","type-page","status-publish","hentry"],"acf":[],"_links":{"self":[{"href":"https:\/\/franciacortabelon.it\/en\/wp-json\/wp\/v2\/pages\/2353","targetHints":{"allow":["GET"]}}],"collection":[{"href":"https:\/\/franciacortabelon.it\/en\/wp-json\/wp\/v2\/pages"}],"about":[{"href":"https:\/\/franciacortabelon.it\/en\/wp-json\/wp\/v2\/types\/page"}],"author":[{"embeddable":true,"href":"https:\/\/franciacortabelon.it\/en\/wp-json\/wp\/v2\/users\/1"}],"replies":[{"embeddable":true,"href":"https:\/\/franciacortabelon.it\/en\/wp-json\/wp\/v2\/comments?post=2353"}],"version-history":[{"count":9,"href":"https:\/\/franciacortabelon.it\/en\/wp-json\/wp\/v2\/pages\/2353\/revisions"}],"predecessor-version":[{"id":2480,"href":"https:\/\/franciacortabelon.it\/en\/wp-json\/wp\/v2\/pages\/2353\/revisions\/2480"}],"up":[{"embeddable":true,"href":"https:\/\/franciacortabelon.it\/en\/wp-json\/wp\/v2\/pages\/2344"}],"wp:attachment":[{"href":"https:\/\/franciacortabelon.it\/en\/wp-json\/wp\/v2\/media?parent=2353"}],"curies":[{"name":"wp","href":"https:\/\/api.w.org\/{rel}","templated":true}]}}