{"id":2362,"date":"2022-01-18T14:48:08","date_gmt":"2022-01-18T13:48:08","guid":{"rendered":"https:\/\/franciacortabelon.it\/?page_id=2362"},"modified":"2022-01-18T15:03:31","modified_gmt":"2022-01-18T14:03:31","slug":"just-for-you","status":"publish","type":"page","link":"https:\/\/franciacortabelon.it\/en\/visits\/just-for-you\/","title":{"rendered":"Just for you"},"content":{"rendered":"\n\n\t<section class=\"section\" id=\"section_324011266\">\n\t\t<div class=\"section-bg fill\" >\n\t\t\t\t\t\t\t\t\t\n\t\t\t\n\n\t\t<\/div>\n\n\t\t\n\n\t\t<div class=\"section-content relative\">\n\t\t\t\n<div class=\"row align-right\" style=\"max-width:733px\" id=\"row-1627495994\">\n\n\t<div id=\"col-524686372\" class=\"col small-12 large-12\"  >\n\t\t\t\t<div class=\"col-inner text-center\"  >\n\t\t\t\n\t\t\t<nav class=\"yoast-breadcrumb breadcrumbs\"><span><span><a href=\"https:\/\/franciacortabelon.it\/en\/\">Home<\/a><\/span><\/span><\/nav>\n\n\t<div id=\"text-2570792386\" class=\"text\">\n\t\t\n<h1>JUST FOR YOU<\/h1>\n\t\t\n<style>\n#text-2570792386 {\n  text-align: left;\n}\n<\/style>\n\t<\/div>\n\t\n\t<div id=\"gap-367749716\" class=\"gap-element clearfix\" style=\"display:block; height:auto;\">\n\t\t\n<style>\n#gap-367749716 {\n  padding-top: 40px;\n}\n<\/style>\n\t<\/div>\n\t\n\t<div id=\"text-2753273374\" class=\"text\">\n\t\t\n<p class=\"lead\">Let&#8217;s create your event together at the B\u00e8lon winery.<br \/>\nOur winery opens the doors to your imagination.<br \/>\nThe world of B\u00e8lon du B\u00e8lon welcomes you and accompanies you in the creation of your personalized event: a visit with tasting, standing or seated buffet, lunch or dinner with table service, with music or entertainment.<\/p>\n<p class=\"lead\">You can choose the wines and every single detail.<br \/>\nOur winery is at your disposal to give life to your wishes, contact us and we will find the solution tailored for you.<\/p>\n\t\t\n<style>\n#text-2753273374 {\n  text-align: left;\n}\n<\/style>\n\t<\/div>\n\t\n\t\t<\/div>\n\t\t\t\t\t<\/div>\n\n\t\n\n<style>\n#row-1627495994 > .col > .col-inner {\n  padding: 30px 0px 0px 0px;\n}\n<\/style>\n<\/div>\n\t\t<\/div>\n\n\t\t\n<style>\n#section_324011266 {\n  padding-top: 30px;\n  padding-bottom: 30px;\n}\n<\/style>\n\t<\/section>\n\t\n\n\t<section class=\"section\" id=\"section_1240100545\">\n\t\t<div class=\"section-bg fill\" >\n\t\t\t\t\t\t\t\t\t\n\t\t\t\n\n\t\t<\/div>\n\n\t\t\n\n\t\t<div class=\"section-content relative\">\n\t\t\t\n<div class=\"row\"  id=\"row-368195206\">\n\n\t<div id=\"col-489128271\" class=\"col medium-6 small-12 large-6\"  >\n\t\t\t\t<div class=\"col-inner text-left\"  >\n\t\t\t\n\t\t\t\n\t<div id=\"text-243380330\" class=\"text\">\n\t\t\n<h2>WHAT IS INCLUDED IN THE TOUR?<\/h2>\n\t\t\n<style>\n#text-243380330 {\n  text-align: left;\n}\n<\/style>\n\t<\/div>\n\t\n\t<div id=\"text-3266072714\" class=\"text\">\n\t\t\n<p class=\"alt-font\"><strong>Schedule<\/strong><br \/>In the &#8220;Just for you&#8221; events, the program and the tasting menu are fully customizable, below you will find some proposals studied by us and the relative costs but, depending on your preferences, we can organize a visit to the cellar with tasting and buffet or with lunch or dinner served at the table, with musical accompaniment or entertainment.<br \/>Among the many special options, you can also choose to open <strong>1 bottle of Pas Dos\u00e8\/Brut Vintage Riserva 300 months in Jeroboam format of 3 liters (over 40 tasting glasses) at the price of \u20ac 490.<\/strong><\/p>\n<p class=\"alt-font\">Contact us to plan your tailor-made format and book your special event.<br \/>Some tips for creating your wine tasting:<br \/><strong>Package 1: 4 wines and buffe<\/strong>t (variable cost based on the Pas Dos\u00e9 of preference)<br \/><strong>A Tasting: \u20ac40<\/strong><br \/>\u2022 1 glass of Brut, 1 glass of Sat\u00e8n, 1 glass of Rose and 1 glass of Pas Dos\u00e8 Blanc 48 months<br \/>\u2022 Rich buffet with a wide choice of foods: cold cuts, cheeses, olives, croutons, bread sticks<br \/><strong>B Tasting: \u20ac43<\/strong><br \/>\u2022 1 glass of Brut, 1 glass of Sat\u00e8n, 1 glass of Rose and 1 glass of Pas Dos\u00e8 Noir Riserva 80 months<br \/>\u2022 Rich buffet with a wide choice of foods: cold cuts, cheeses, olives, croutons, bread sticks<br \/><strong>C Tasting: \u20ac46<\/strong><br \/>\u2022 1 glass of Brut, 1 glass of Sat\u00e8n, 1 glass of Rose and 1 glass of Pas Dos\u00e8 Vintage Riserva del Fondatore 120 months<br \/>\u2022 Rich buffet with a wide choice of foods: cold cuts, cheeses, olives, croutons, bread sticks<br \/><strong>D Tasting: \u20ac49<\/strong><br \/>\u2022 1 glass of Brut, 1 glass of Sat\u00e8n, 1 glass of Rose and 1 glass of Pas Dos\u00e8 Vintage Riserva del Fondatore 180 months<br \/>\u2022 Rich buffet with a wide choice of foods: cold cuts, cheeses, olives, croutons, bread sticks<br \/><strong>Degustazione E: \u20ac52<\/strong><br \/>\u2022 1 glass of Brut, 1 glass of Sat\u00e8n, 1 glass of Rose and 1 glass of Pas Dos\u00e8 Vintage Riserva del Fondatore 240 months<br \/>\u2022 Rich buffet with a wide choice of foods: cold cuts, cheeses, olives, croutons, bread sticks<\/p>\n<p class=\"alt-font\"><strong>Package 2: 8 wines and buffet \u2013 \u20ac80<\/strong><br \/>The tasting of package 2 includes:<br \/>\u2022 8 glasses of wine<br \/>\u2022 Rich buffet with a wide choice of foods: cold cuts, cheeses, olives, croutons, bread sticks<br \/>Wines for tasting: Brut \u2013 Sat\u00e8n \u2013 Pas Dos\u00e8 Blanc 48 months \u2013 Pas Dos\u00e8 Noir 80 mesi Riserva \u2013 Pas Dos\u00e8 Riserva del Fondatore 120 months, Pas Dos\u00e8 Riserva del Fondatore 180 months, Pas Dos\u00e8 Riserva del Fondatore 240 months.<\/p>\n\t\t\n<style>\n#text-3266072714 {\n  text-align: left;\n}\n<\/style>\n\t<\/div>\n\t\n\t\t<\/div>\n\t\t\t\t\t<\/div>\n\n\t\n\n\t<div id=\"col-1166775058\" class=\"col medium-6 small-12 large-6\"  >\n\t\t\t\t<div class=\"col-inner\"  >\n\t\t\t\n\t\t\t\n\n<div class=\"wpcf7 no-js\" id=\"wpcf7-f2394-o1\" lang=\"en-US\" dir=\"ltr\" data-wpcf7-id=\"2394\">\n<div class=\"screen-reader-response\"><p role=\"status\" aria-live=\"polite\" aria-atomic=\"true\"><\/p> <ul><\/ul><\/div>\n<form action=\"\/en\/wp-json\/wp\/v2\/pages\/2362#wpcf7-f2394-o1\" method=\"post\" class=\"wpcf7-form init\" aria-label=\"Contact form\" novalidate=\"novalidate\" data-status=\"init\">\n<fieldset class=\"hidden-fields-container\"><input type=\"hidden\" name=\"_wpcf7\" value=\"2394\" \/><input type=\"hidden\" name=\"_wpcf7_version\" value=\"6.1.3\" \/><input type=\"hidden\" name=\"_wpcf7_locale\" value=\"en_US\" \/><input type=\"hidden\" name=\"_wpcf7_unit_tag\" value=\"wpcf7-f2394-o1\" \/><input type=\"hidden\" name=\"_wpcf7_container_post\" value=\"0\" \/><input type=\"hidden\" name=\"_wpcf7_posted_data_hash\" value=\"\" \/><input type=\"hidden\" name=\"_wpcf7_recaptcha_response\" value=\"\" \/>\n<\/fieldset>\n<div class=\"cf7\">\n\t<div class=\"cf7-half\">\n\t\t<p><label> Name*<br \/>\n<span class=\"wpcf7-form-control-wrap\" data-name=\"your-nome\"><input size=\"40\" maxlength=\"400\" class=\"wpcf7-form-control wpcf7-text wpcf7-validates-as-required\" aria-required=\"true\" aria-invalid=\"false\" value=\"\" type=\"text\" name=\"your-nome\" \/><\/span> <\/label>\n\t\t<\/p>\n\t<\/div>\n\t<div class=\"cf7-half pull-right\">\n\t\t<p><label> Surname*<br \/>\n<span class=\"wpcf7-form-control-wrap\" data-name=\"your-cognome\"><input size=\"40\" maxlength=\"400\" class=\"wpcf7-form-control wpcf7-text wpcf7-validates-as-required\" aria-required=\"true\" aria-invalid=\"false\" value=\"\" type=\"text\" name=\"your-cognome\" \/><\/span> <\/label>\n\t\t<\/p>\n\t<\/div>\n\t<p><label> Phone*<br \/>\n<span class=\"wpcf7-form-control-wrap\" data-name=\"your-phone\"><input size=\"40\" maxlength=\"400\" class=\"wpcf7-form-control wpcf7-tel wpcf7-validates-as-required wpcf7-text wpcf7-validates-as-tel\" aria-required=\"true\" aria-invalid=\"false\" value=\"\" type=\"tel\" name=\"your-phone\" \/><\/span> <\/label>\n\t<\/p>\n\t<p><label> Email*<br \/>\n<span class=\"wpcf7-form-control-wrap\" data-name=\"your-email\"><input size=\"40\" maxlength=\"400\" class=\"wpcf7-form-control wpcf7-email wpcf7-validates-as-required wpcf7-text wpcf7-validates-as-email\" aria-required=\"true\" aria-invalid=\"false\" value=\"\" type=\"email\" name=\"your-email\" \/><\/span> <\/label>\n\t<\/p>\n\t<p><label> Visit*<br \/>\n<span class=\"wpcf7-form-control-wrap\" data-name=\"your-visit\"><select class=\"wpcf7-form-control wpcf7-select wpcf7-validates-as-required\" aria-required=\"true\" aria-invalid=\"false\" name=\"your-visit\"><option value=\"\">Select visit ...<\/option><option value=\"Guided Tours\">Guided Tours<\/option><option value=\"Aperitif in the Cellar\">Aperitif in the Cellar<\/option><option value=\"Just for You\">Just for You<\/option><option value=\"A Winery for companies\">A Winery for companies<\/option><option value=\"Give a visit to the Winery\">Give a visit to the Winery<\/option><option value=\"Magic tasting on a boat in Venice\">Magic tasting on a boat in Venice<\/option><\/select><\/span> <\/label>\n\t<\/p>\n\t<div class=\"cf7-half\">\n\t\t<p><label> Participants*<br \/>\n<span class=\"wpcf7-form-control-wrap\" data-name=\"your-number\"><input class=\"wpcf7-form-control wpcf7-number wpcf7-validates-as-required wpcf7-validates-as-number\" min=\"1\" max=\"99\" step=\"1\" aria-required=\"true\" aria-invalid=\"false\" value=\"1\" type=\"number\" name=\"your-number\" \/><\/span> <\/label>\n\t\t<\/p>\n\t<\/div>\n\t<div class=\"cf7-half pull-right\">\n\t\t<p><label> Date*<br \/>\n<span class=\"wpcf7-form-control-wrap\" data-name=\"your-date\"><input class=\"wpcf7-form-control wpcf7-date wpcf7-validates-as-required wpcf7-validates-as-date\" min=\"2026-04-27\" step=\"1\" aria-required=\"true\" aria-invalid=\"false\" value=\"\" type=\"date\" name=\"your-date\" \/><\/span> <\/label>\n\t\t<\/p>\n\t<\/div>\n\t<p><label> Message<br \/>\n<span class=\"wpcf7-form-control-wrap\" data-name=\"your-message\"><textarea cols=\"40\" rows=\"10\" maxlength=\"2000\" class=\"wpcf7-form-control wpcf7-textarea\" aria-invalid=\"false\" name=\"your-message\"><\/textarea><\/span> <\/label>\n\t<\/p>\n\t<div id=\"cf7-disclaimer\">\n\t\t<p><label style=\"font-family:Rubik;\"><span class=\"wpcf7-form-control-wrap\" data-name=\"acceptance-418\"><span class=\"wpcf7-form-control wpcf7-acceptance\"><span class=\"wpcf7-list-item\"><label><input type=\"checkbox\" name=\"acceptance-418\" value=\"1\" aria-invalid=\"false\" \/><span class=\"wpcf7-list-item-label\">I have read and accept the <a href=\"http:\/\/franciacortabelon.it\/privacy-policy\/\">privacy policy<\/a><\/span><\/label><\/span><\/span><\/span><\/label><br \/>\n<label style=\"font-family:Rubik;\"><span class=\"wpcf7-form-control-wrap\" data-name=\"acceptance-mktg\"><span class=\"wpcf7-form-control wpcf7-acceptance optional\"><span class=\"wpcf7-list-item\"><label><input type=\"checkbox\" name=\"acceptance-mktg\" value=\"1\" aria-invalid=\"false\" \/><span class=\"wpcf7-list-item-label\">Sign me up for the newsletter to receive offers and promos<\/span><\/label><\/span><\/span><\/span><\/label><br \/>\n<label>I consent to the storage of my data in your archive as established by the European regulation for the protection of personal data n. 679\/2016, GDPR. You can delete them or request a copy by making an explicit request to<a href=\"mailto:info@franciacortabelon.it\">info@franciacortabelon.it<\/a><\/label>\n\t\t<\/p>\n\t<\/div>\n\t<p><input class=\"wpcf7-form-control wpcf7-submit has-spinner\" type=\"submit\" value=\"Send message\" \/>\n\t<\/p>\n<\/div><div class=\"wpcf7-response-output\" aria-hidden=\"true\"><\/div>\n<\/form>\n<\/div>\n\n\t\t<\/div>\n\t\t\t\t\t<\/div>\n\n\t\n\n<style>\n#row-368195206 > .col > .col-inner {\n  padding: 30px 0px 0px 0px;\n}\n<\/style>\n<\/div>\n\t\t<\/div>\n\n\t\t\n<style>\n#section_1240100545 {\n  padding-top: 0px;\n  padding-bottom: 0px;\n}\n<\/style>\n\t<\/section>\n\t\n\n\t<section class=\"section\" id=\"section_2128317301\">\n\t\t<div class=\"section-bg fill\" >\n\t\t\t\t\t\t\t\t\t\n\t\t\t\n\n\t\t<\/div>\n\n\t\t\n\n\t\t<div class=\"section-content relative\">\n\t\t\t\n\n\t<section class=\"section dark\" id=\"section_310729483\">\n\t\t<div class=\"section-bg fill\" >\n\t\t\t<img decoding=\"async\" width=\"1350\" height=\"547\" src=\"https:\/\/franciacortabelon.it\/wp-content\/uploads\/Banner-shop.jpg\" class=\"bg attachment- size-\" alt=\"\" \/>\t\t\t\t\t\t<div class=\"section-bg-overlay absolute fill\"><\/div>\n\t\t\t\n\n\t\t<\/div>\n\n\t\t\n\n\t\t<div class=\"section-content relative\">\n\t\t\t\n\n<div class=\"row align-middle align-center\" style=\"max-width:841px\" id=\"row-443580518\">\n\n\n\t<div id=\"col-560483227\" class=\"col medium-10 small-12 large-10\"  >\n\t\t\t\t<div class=\"col-inner text-center\"  >\n\t\t\t\n\t\t\t\n\n\t<div id=\"gap-220346752\" class=\"gap-element clearfix\" style=\"display:block; height:auto;\">\n\t\t\n<style>\n#gap-220346752 {\n  padding-top: 65px;\n}\n<\/style>\n\t<\/div>\n\t\n\n<h2><span style=\"color: #f3915e;\">DISCOVER OUR PRODUCTS<\/span><\/h2>\n\t<div id=\"gap-1154189733\" class=\"gap-element clearfix\" style=\"display:block; height:auto;\">\n\t\t\n<style>\n#gap-1154189733 {\n  padding-top: 65px;\n}\n<\/style>\n\t<\/div>\n\t\n\n\t<div id=\"text-1864219293\" class=\"text\">\n\t\t\n\n<p>Visit the online shop to enter the B\u00e8lon du B\u00e8lon world immediately.<br \/>Discover our selection of excellent wines and all the gift boxes, perfect for any occasion.<\/p>\n\t\t\n<style>\n#text-1864219293 {\n  font-size: 1.25rem;\n}\n<\/style>\n\t<\/div>\n\t\n\t<div id=\"gap-1784296084\" class=\"gap-element clearfix\" style=\"display:block; height:auto;\">\n\t\t\n<style>\n#gap-1784296084 {\n  padding-top: 65px;\n}\n<\/style>\n\t<\/div>\n\t\n\n<a href=\"https:\/\/franciacortabelon.it\/en\/store\/\" class=\"button primary is-outline\"  >\n\t\t<span>Go to the shop<\/span>\n\t<\/a>\n\n\n\t<div id=\"gap-1617770316\" class=\"gap-element clearfix\" style=\"display:block; height:auto;\">\n\t\t\n<style>\n#gap-1617770316 {\n  padding-top: 65px;\n}\n<\/style>\n\t<\/div>\n\t\n\n\n\t\t<\/div>\n\t\t\t\t\t<\/div>\n\n\t\n\n<\/div>\n\n\t\t<\/div>\n\n\t\t\n<style>\n#section_310729483 {\n  padding-top: 30px;\n  padding-bottom: 30px;\n}\n#section_310729483 .section-bg-overlay {\n  background-color: rgba(0, 0, 0, 0.471);\n}\n#section_310729483 .section-bg img {\n  object-position: 25% 1%;\n}\n<\/style>\n\t<\/section>\n\t\n\t\t<\/div>\n\n\t\t\n<style>\n#section_2128317301 {\n  padding-top: 50px;\n  padding-bottom: 50px;\n}\n<\/style>\n\t<\/section>\n\t\n","protected":false},"excerpt":{"rendered":"","protected":false},"author":1,"featured_media":0,"parent":2344,"menu_order":0,"comment_status":"closed","ping_status":"closed","template":"page-blank.php","meta":{"_acf_changed":false,"footnotes":""},"class_list":["post-2362","page","type-page","status-publish","hentry"],"acf":[],"_links":{"self":[{"href":"https:\/\/franciacortabelon.it\/en\/wp-json\/wp\/v2\/pages\/2362","targetHints":{"allow":["GET"]}}],"collection":[{"href":"https:\/\/franciacortabelon.it\/en\/wp-json\/wp\/v2\/pages"}],"about":[{"href":"https:\/\/franciacortabelon.it\/en\/wp-json\/wp\/v2\/types\/page"}],"author":[{"embeddable":true,"href":"https:\/\/franciacortabelon.it\/en\/wp-json\/wp\/v2\/users\/1"}],"replies":[{"embeddable":true,"href":"https:\/\/franciacortabelon.it\/en\/wp-json\/wp\/v2\/comments?post=2362"}],"version-history":[{"count":5,"href":"https:\/\/franciacortabelon.it\/en\/wp-json\/wp\/v2\/pages\/2362\/revisions"}],"predecessor-version":[{"id":2367,"href":"https:\/\/franciacortabelon.it\/en\/wp-json\/wp\/v2\/pages\/2362\/revisions\/2367"}],"up":[{"embeddable":true,"href":"https:\/\/franciacortabelon.it\/en\/wp-json\/wp\/v2\/pages\/2344"}],"wp:attachment":[{"href":"https:\/\/franciacortabelon.it\/en\/wp-json\/wp\/v2\/media?parent=2362"}],"curies":[{"name":"wp","href":"https:\/\/api.w.org\/{rel}","templated":true}]}}