{"id":1782,"date":"2021-09-13T17:06:56","date_gmt":"2021-09-13T15:06:56","guid":{"rendered":"https:\/\/franciacortabelon.it\/shop\/cuscini-belon-du-belon-in-stoffa-antimacchia-35x35-cm\/"},"modified":"2022-01-18T10:33:02","modified_gmt":"2022-01-18T09:33:02","slug":"belon-du-belon-cushions-in-stain-resistant-fabric-35x35-cm","status":"publish","type":"product","link":"https:\/\/franciacortabelon.it\/en\/store\/belon-du-belon-cushions-in-stain-resistant-fabric-35x35-cm\/","title":{"rendered":"B\u00e8lon du B\u00e8lon cushions in stain resistant fabric 35\u00d735 cm"},"content":{"rendered":"","protected":false},"excerpt":{"rendered":"<p>Enhance your excellent proposal of B\u00e8lon du B\u00e8lon wines, personalizing the tasting rooms with branded cushions. Made of stain-resistant fabric, in many different colors, they are ideal for making the environment more welcoming and festive, setting the mood for the most sophisticated toasts.<\/p>\n","protected":false},"featured_media":1676,"template":"","meta":{"_acf_changed":false},"product_brand":[],"product_cat":[109],"product_tag":[],"class_list":{"0":"post-1782","1":"product","2":"type-product","3":"status-publish","4":"has-post-thumbnail","6":"product_cat-accessories","8":"first","9":"instock","10":"shipping-taxable","11":"purchasable","12":"product-type-variable"},"acf":[],"_links":{"self":[{"href":"https:\/\/franciacortabelon.it\/en\/wp-json\/wp\/v2\/product\/1782","targetHints":{"allow":["GET"]}}],"collection":[{"href":"https:\/\/franciacortabelon.it\/en\/wp-json\/wp\/v2\/product"}],"about":[{"href":"https:\/\/franciacortabelon.it\/en\/wp-json\/wp\/v2\/types\/product"}],"wp:featuredmedia":[{"embeddable":true,"href":"https:\/\/franciacortabelon.it\/en\/wp-json\/wp\/v2\/media\/1676"}],"wp:attachment":[{"href":"https:\/\/franciacortabelon.it\/en\/wp-json\/wp\/v2\/media?parent=1782"}],"wp:term":[{"taxonomy":"product_brand","embeddable":true,"href":"https:\/\/franciacortabelon.it\/en\/wp-json\/wp\/v2\/product_brand?post=1782"},{"taxonomy":"product_cat","embeddable":true,"href":"https:\/\/franciacortabelon.it\/en\/wp-json\/wp\/v2\/product_cat?post=1782"},{"taxonomy":"product_tag","embeddable":true,"href":"https:\/\/franciacortabelon.it\/en\/wp-json\/wp\/v2\/product_tag?post=1782"}],"curies":[{"name":"wp","href":"https:\/\/api.w.org\/{rel}","templated":true}]}}