{"id":1861,"date":"2021-09-13T16:25:56","date_gmt":"2021-09-13T14:25:56","guid":{"rendered":"https:\/\/franciacortabelon.it\/shop\/cassetta-in-legno-da-una-bottiglia-collezione-instinct-o-party-075-lt\/"},"modified":"2022-01-18T11:53:19","modified_gmt":"2022-01-18T10:53:19","slug":"wooden-box-with-one-0-75-liter-instinct-or-party-collection-bottle","status":"publish","type":"product","link":"https:\/\/franciacortabelon.it\/en\/store\/wooden-box-with-one-0-75-liter-instinct-or-party-collection-bottle\/","title":{"rendered":"Wooden box with one 0.75 liter Instinct or Party Collection bottle"},"content":{"rendered":"","protected":false},"excerpt":{"rendered":"<p>The magic of handcrafted solid wood recalls the scents of nature itself from which the precious Franciacorta B\u00e8lon wine comes. What better way to enhance your gift? The lying bottle box can contain Brut, Sat\u00e8n and Ros\u00e9 from the Instinct or Party collections, make your choice immediately.<\/p>\n","protected":false},"featured_media":1589,"template":"","meta":{"_acf_changed":false},"product_brand":[],"product_cat":[110],"product_tag":[],"class_list":{"0":"post-1861","1":"product","2":"type-product","3":"status-publish","4":"has-post-thumbnail","6":"product_cat-boxes","8":"first","9":"instock","10":"shipping-taxable","11":"purchasable","12":"product-type-variable"},"acf":[],"_links":{"self":[{"href":"https:\/\/franciacortabelon.it\/en\/wp-json\/wp\/v2\/product\/1861","targetHints":{"allow":["GET"]}}],"collection":[{"href":"https:\/\/franciacortabelon.it\/en\/wp-json\/wp\/v2\/product"}],"about":[{"href":"https:\/\/franciacortabelon.it\/en\/wp-json\/wp\/v2\/types\/product"}],"wp:featuredmedia":[{"embeddable":true,"href":"https:\/\/franciacortabelon.it\/en\/wp-json\/wp\/v2\/media\/1589"}],"wp:attachment":[{"href":"https:\/\/franciacortabelon.it\/en\/wp-json\/wp\/v2\/media?parent=1861"}],"wp:term":[{"taxonomy":"product_brand","embeddable":true,"href":"https:\/\/franciacortabelon.it\/en\/wp-json\/wp\/v2\/product_brand?post=1861"},{"taxonomy":"product_cat","embeddable":true,"href":"https:\/\/franciacortabelon.it\/en\/wp-json\/wp\/v2\/product_cat?post=1861"},{"taxonomy":"product_tag","embeddable":true,"href":"https:\/\/franciacortabelon.it\/en\/wp-json\/wp\/v2\/product_tag?post=1861"}],"curies":[{"name":"wp","href":"https:\/\/api.w.org\/{rel}","templated":true}]}}