{"id":1884,"date":"2021-09-13T16:18:21","date_gmt":"2021-09-13T14:18:21","guid":{"rendered":"https:\/\/franciacortabelon.it\/shop\/cassetta-in-legno-da-sei-bottiglie-33-075-lt\/"},"modified":"2022-01-19T12:33:02","modified_gmt":"2022-01-19T11:33:02","slug":"wooden-box-for-six-0-75-liter-bottles-33","status":"publish","type":"product","link":"https:\/\/franciacortabelon.it\/en\/store\/wooden-box-for-six-0-75-liter-bottles-33\/","title":{"rendered":"Wooden box for six 0.75 liter bottles (3+3)"},"content":{"rendered":"","protected":false},"excerpt":{"rendered":"<p>All the value of craftsmanship, for this 1 cm Italian solid wood box, suitable for containing 6 bottles of your choice between Brut, Sat\u00e8n, Ros\u00e9 (from the Instinct or Party lines), or the Pas Dos\u00e9 Blanc and Noir. Finished and handcrafted, the B\u00e8lon box is so beautiful that it can be reused as a piece of furniture.<\/p>\n","protected":false},"featured_media":1598,"template":"","meta":{"_acf_changed":false},"product_brand":[],"product_cat":[110],"product_tag":[],"class_list":{"0":"post-1884","1":"product","2":"type-product","3":"status-publish","4":"has-post-thumbnail","6":"product_cat-boxes","8":"first","9":"instock","10":"shipping-taxable","11":"purchasable","12":"product-type-variable"},"acf":[],"_links":{"self":[{"href":"https:\/\/franciacortabelon.it\/en\/wp-json\/wp\/v2\/product\/1884","targetHints":{"allow":["GET"]}}],"collection":[{"href":"https:\/\/franciacortabelon.it\/en\/wp-json\/wp\/v2\/product"}],"about":[{"href":"https:\/\/franciacortabelon.it\/en\/wp-json\/wp\/v2\/types\/product"}],"wp:featuredmedia":[{"embeddable":true,"href":"https:\/\/franciacortabelon.it\/en\/wp-json\/wp\/v2\/media\/1598"}],"wp:attachment":[{"href":"https:\/\/franciacortabelon.it\/en\/wp-json\/wp\/v2\/media?parent=1884"}],"wp:term":[{"taxonomy":"product_brand","embeddable":true,"href":"https:\/\/franciacortabelon.it\/en\/wp-json\/wp\/v2\/product_brand?post=1884"},{"taxonomy":"product_cat","embeddable":true,"href":"https:\/\/franciacortabelon.it\/en\/wp-json\/wp\/v2\/product_cat?post=1884"},{"taxonomy":"product_tag","embeddable":true,"href":"https:\/\/franciacortabelon.it\/en\/wp-json\/wp\/v2\/product_tag?post=1884"}],"curies":[{"name":"wp","href":"https:\/\/api.w.org\/{rel}","templated":true}]}}