{"id":1974,"date":"2021-09-13T14:23:24","date_gmt":"2021-09-13T12:23:24","guid":{"rendered":"https:\/\/franciacortabelon.it\/shop\/cofanetto-passion-gold-con-bottiglia-blanc-noir-075-lt\/"},"modified":"2022-01-18T11:45:36","modified_gmt":"2022-01-18T10:45:36","slug":"passion-gold-box-with-0-75-liter-blanc-noir-bottle","status":"publish","type":"product","link":"https:\/\/franciacortabelon.it\/en\/store\/passion-gold-box-with-0-75-liter-blanc-noir-bottle\/","title":{"rendered":"Passion Gold Box with 0.75 liter Blanc\/Noir bottle"},"content":{"rendered":"","protected":false},"excerpt":{"rendered":"<p>The Passion box, with Gold foil, is designed for the most romantic occasions. A Valentine\u2019s Day gift or to celebrate the most special events. Handmade, it contains a bottle of Pas Dos\u00e9, a choice of Blanc or Noir, two Franciacorta crystal glasses, and a stopper. To immediately enjoy the pleasure of B\u00e8lon du B\u00e8lon bubbles.<\/p>\n","protected":false},"featured_media":1625,"template":"","meta":{"_acf_changed":false},"product_brand":[],"product_cat":[110],"product_tag":[],"class_list":{"0":"post-1974","1":"product","2":"type-product","3":"status-publish","4":"has-post-thumbnail","6":"product_cat-boxes","8":"first","9":"instock","10":"shipping-taxable","11":"purchasable","12":"product-type-variable"},"acf":[],"_links":{"self":[{"href":"https:\/\/franciacortabelon.it\/en\/wp-json\/wp\/v2\/product\/1974","targetHints":{"allow":["GET"]}}],"collection":[{"href":"https:\/\/franciacortabelon.it\/en\/wp-json\/wp\/v2\/product"}],"about":[{"href":"https:\/\/franciacortabelon.it\/en\/wp-json\/wp\/v2\/types\/product"}],"wp:featuredmedia":[{"embeddable":true,"href":"https:\/\/franciacortabelon.it\/en\/wp-json\/wp\/v2\/media\/1625"}],"wp:attachment":[{"href":"https:\/\/franciacortabelon.it\/en\/wp-json\/wp\/v2\/media?parent=1974"}],"wp:term":[{"taxonomy":"product_brand","embeddable":true,"href":"https:\/\/franciacortabelon.it\/en\/wp-json\/wp\/v2\/product_brand?post=1974"},{"taxonomy":"product_cat","embeddable":true,"href":"https:\/\/franciacortabelon.it\/en\/wp-json\/wp\/v2\/product_cat?post=1974"},{"taxonomy":"product_tag","embeddable":true,"href":"https:\/\/franciacortabelon.it\/en\/wp-json\/wp\/v2\/product_tag?post=1974"}],"curies":[{"name":"wp","href":"https:\/\/api.w.org\/{rel}","templated":true}]}}