{"id":1985,"date":"2021-09-13T14:11:16","date_gmt":"2021-09-13T12:11:16","guid":{"rendered":"https:\/\/franciacortabelon.it\/shop\/cofanetto-passion-gold-con-bottiglia-instinct-075-lt\/"},"modified":"2024-01-31T10:08:26","modified_gmt":"2024-01-31T09:08:26","slug":"passion-gold-box-with-0-75-liter-instinct-bottle","status":"publish","type":"product","link":"https:\/\/franciacortabelon.it\/en\/store\/passion-gold-box-with-0-75-liter-instinct-bottle\/","title":{"rendered":"Passion Gold Box with 0.75 liter Instinct bottle"},"content":{"rendered":"","protected":false},"excerpt":{"rendered":"<p>Designed for the most romantic occasions, for a couple&#8217;s gift or to celebrate the most special events, the Passion box, with Gold foil, entirely handmade, contains a bottle of the Instinct collection, to be chosen between Brut, Sat\u00e8n and Ros\u00e9 , two Franciacorta crystal glasses, and a stopper. To immediately enjoy the pleasure of B\u00e8lon du B\u00e8lon bubbles.<\/p>\n","protected":false},"featured_media":1628,"template":"","meta":{"_acf_changed":false},"product_brand":[],"product_cat":[110],"product_tag":[],"class_list":{"0":"post-1985","1":"product","2":"type-product","3":"status-publish","4":"has-post-thumbnail","6":"product_cat-boxes","8":"first","9":"instock","10":"shipping-taxable","11":"purchasable","12":"product-type-variable"},"acf":[],"_links":{"self":[{"href":"https:\/\/franciacortabelon.it\/en\/wp-json\/wp\/v2\/product\/1985","targetHints":{"allow":["GET"]}}],"collection":[{"href":"https:\/\/franciacortabelon.it\/en\/wp-json\/wp\/v2\/product"}],"about":[{"href":"https:\/\/franciacortabelon.it\/en\/wp-json\/wp\/v2\/types\/product"}],"wp:featuredmedia":[{"embeddable":true,"href":"https:\/\/franciacortabelon.it\/en\/wp-json\/wp\/v2\/media\/1628"}],"wp:attachment":[{"href":"https:\/\/franciacortabelon.it\/en\/wp-json\/wp\/v2\/media?parent=1985"}],"wp:term":[{"taxonomy":"product_brand","embeddable":true,"href":"https:\/\/franciacortabelon.it\/en\/wp-json\/wp\/v2\/product_brand?post=1985"},{"taxonomy":"product_cat","embeddable":true,"href":"https:\/\/franciacortabelon.it\/en\/wp-json\/wp\/v2\/product_cat?post=1985"},{"taxonomy":"product_tag","embeddable":true,"href":"https:\/\/franciacortabelon.it\/en\/wp-json\/wp\/v2\/product_tag?post=1985"}],"curies":[{"name":"wp","href":"https:\/\/api.w.org\/{rel}","templated":true}]}}