{"id":3355,"date":"2023-07-24T15:41:42","date_gmt":"2023-07-24T13:41:42","guid":{"rendered":"https:\/\/franciacortabelon.it\/shop\/blanc-du-belon\/"},"modified":"2024-07-30T13:04:56","modified_gmt":"2024-07-30T11:04:56","slug":"blanc-du-belon","status":"publish","type":"product","link":"https:\/\/franciacortabelon.it\/en\/store\/blanc-du-belon\/","title":{"rendered":"Blanc du B\u00e8lon 0,75 lt"},"content":{"rendered":"","protected":false},"excerpt":{"rendered":"<h2>An intoxicating blend that gives a multifaceted final freshness, embellished by an elegant trail of floral scents.<\/h2>\n<p>Like silk.<br \/>\nIt is refined, fresh and fragrant for soft aromatic sips but with the important note of Chardonnay.<br \/>\nSilky and creamy on the palate as only Franciacorta Sat\u00e9n B\u00e8lon du B\u00e8lon can be, in fact it is the basis for 90% of this wonderful wine. It is characterized by a soft, fresh and non-aggressive taste, obtained from only white grapes.<br \/>\nIn its multifaceted bouquet, the almond notes meet those of hazelnut and blend with a hint of fruit, enhancing a trail of floral scents.<br \/>\nBlanc du B\u00e8lon is balanced in a perfect structure, between sapidity and citrus freshness to better accompany delicate first courses and lake dishes or shellfish.<br \/>\nIt never disappoints, right from the aperitif.<br \/>\nMade in Italy, contains sulphites.<\/p>\n","protected":false},"featured_media":3177,"template":"","meta":{"_acf_changed":false},"product_brand":[],"product_cat":[111],"product_tag":[],"class_list":{"0":"post-3355","1":"product","2":"type-product","3":"status-publish","4":"has-post-thumbnail","6":"product_cat-wines","8":"first","9":"instock","10":"shipping-taxable","11":"purchasable","12":"product-type-simple"},"acf":[],"_links":{"self":[{"href":"https:\/\/franciacortabelon.it\/en\/wp-json\/wp\/v2\/product\/3355","targetHints":{"allow":["GET"]}}],"collection":[{"href":"https:\/\/franciacortabelon.it\/en\/wp-json\/wp\/v2\/product"}],"about":[{"href":"https:\/\/franciacortabelon.it\/en\/wp-json\/wp\/v2\/types\/product"}],"wp:featuredmedia":[{"embeddable":true,"href":"https:\/\/franciacortabelon.it\/en\/wp-json\/wp\/v2\/media\/3177"}],"wp:attachment":[{"href":"https:\/\/franciacortabelon.it\/en\/wp-json\/wp\/v2\/media?parent=3355"}],"wp:term":[{"taxonomy":"product_brand","embeddable":true,"href":"https:\/\/franciacortabelon.it\/en\/wp-json\/wp\/v2\/product_brand?post=3355"},{"taxonomy":"product_cat","embeddable":true,"href":"https:\/\/franciacortabelon.it\/en\/wp-json\/wp\/v2\/product_cat?post=3355"},{"taxonomy":"product_tag","embeddable":true,"href":"https:\/\/franciacortabelon.it\/en\/wp-json\/wp\/v2\/product_tag?post=3355"}],"curies":[{"name":"wp","href":"https:\/\/api.w.org\/{rel}","templated":true}]}}