{"id":4018,"date":"2025-11-11T13:01:34","date_gmt":"2025-11-11T12:01:34","guid":{"rendered":"https:\/\/franciacortabelon.it\/?post_type=product&#038;p=4018"},"modified":"2025-11-11T17:39:01","modified_gmt":"2025-11-11T16:39:01","slug":"95-bottiglie-collezione-party-omaggio-cantinetta-datron","status":"publish","type":"product","link":"https:\/\/franciacortabelon.it\/en\/store\/95-bottiglie-collezione-party-omaggio-cantinetta-datron\/","title":{"rendered":"95 Bottiglie Collezione Party + OMAGGIO Cantinetta Datron"},"content":{"rendered":"","protected":false},"excerpt":{"rendered":"<div class=\"elementor-element elementor-element-549a61b elementor-widget elementor-widget-text-editor\" data-id=\"549a61b\" data-element_type=\"widget\" data-widget_type=\"text-editor.default\">\n<div class=\"elementor-element elementor-element-549a61b elementor-widget elementor-widget-text-editor\" data-id=\"549a61b\" data-element_type=\"widget\" data-widget_type=\"text-editor.default\">\n<h4><strong>Collezione<\/strong> <strong>Party<\/strong><\/h4>\n<p>&#8211; Brut DOCG \u2013 0,75 lt<br \/>\n&#8211; Sat\u00e8n DOCG \u2013 0,75 lt<br \/>\n&#8211; Ros\u00e9 DOCG \u2013 0,75 lt<\/p>\n<h4><strong>Cantinetta Vino 53 bottiglie Design<\/strong><\/h4>\n<p>&#8211; 53 Bottiglie<br \/>\n&#8211; Libera installazione<br \/>\n&#8211; Doppia Temperatura<br \/>\n&#8211; Mis. A. 1280 x L. 400 x P. 575 &#8211; kg. 50<\/p>\n<p>La <strong>Cantinetta Vino 53 Bottiglie Design<\/strong> \u00e8 molto pi\u00f9 di un semplice elettrodomestico: \u00e8 un elemento di stile e raffinatezza pensato per gli amanti del vino che desiderano conservarlo nelle condizioni ottimali. Questo modello a doppia temperatura permette di gestire in modo preciso due zone climatiche differenti, ideali per vini bianchi, rossi o spumanti, grazie al display centrale facile da usare.<\/p>\n<p>La struttura elegante e minimalista della cantinetta le consente di integrarsi armoniosamente in qualsiasi ambiente, sia che si tratti di un soggiorno raffinato, di una cucina di design o di una cantina dedicata. Gli 11 ripiani in legno di faggio, facilmente estraibili, offrono una soluzione versatile per ospitare bottiglie di diverse dimensioni, garantendo la massima praticit\u00e0 senza rinunciare all\u2019estetica.<\/p>\n<p>La porta in vetro temperato nera, dotata di punti zegrinati per una maggiore sicurezza in caso di rottura, unisce eleganza e protezione. La luce LED interna illumina delicatamente le bottiglie senza generare calore, preservando la qualit\u00e0 del vino e aggiungendo un tocco di stile all\u2019esposizione.<\/p>\n<p>In sintesi, questa cantinetta rappresenta una perfetta combinazione di design, funzionalit\u00e0 e cura delle bottiglie, rendendola non solo un accessorio per la casa, ma un vero e proprio oggetto di classe che valorizza ogni ambiente.<\/p>\n<\/div>\n<\/div>\n","protected":false},"featured_media":3963,"template":"","meta":{"_acf_changed":false},"product_brand":[],"product_cat":[291],"product_tag":[],"class_list":{"0":"post-4018","1":"product","2":"type-product","3":"status-publish","4":"has-post-thumbnail","6":"product_cat-datron","8":"first","9":"instock","10":"shipping-taxable","11":"purchasable","12":"product-type-simple"},"acf":[],"_links":{"self":[{"href":"https:\/\/franciacortabelon.it\/en\/wp-json\/wp\/v2\/product\/4018","targetHints":{"allow":["GET"]}}],"collection":[{"href":"https:\/\/franciacortabelon.it\/en\/wp-json\/wp\/v2\/product"}],"about":[{"href":"https:\/\/franciacortabelon.it\/en\/wp-json\/wp\/v2\/types\/product"}],"wp:featuredmedia":[{"embeddable":true,"href":"https:\/\/franciacortabelon.it\/en\/wp-json\/wp\/v2\/media\/3963"}],"wp:attachment":[{"href":"https:\/\/franciacortabelon.it\/en\/wp-json\/wp\/v2\/media?parent=4018"}],"wp:term":[{"taxonomy":"product_brand","embeddable":true,"href":"https:\/\/franciacortabelon.it\/en\/wp-json\/wp\/v2\/product_brand?post=4018"},{"taxonomy":"product_cat","embeddable":true,"href":"https:\/\/franciacortabelon.it\/en\/wp-json\/wp\/v2\/product_cat?post=4018"},{"taxonomy":"product_tag","embeddable":true,"href":"https:\/\/franciacortabelon.it\/en\/wp-json\/wp\/v2\/product_tag?post=4018"}],"curies":[{"name":"wp","href":"https:\/\/api.w.org\/{rel}","templated":true}]}}