{"id":4020,"date":"2025-11-11T13:09:22","date_gmt":"2025-11-11T12:09:22","guid":{"rendered":"https:\/\/franciacortabelon.it\/?post_type=product&#038;p=4020"},"modified":"2025-11-11T17:39:13","modified_gmt":"2025-11-11T16:39:13","slug":"100-bottiglie-collezione-party-omaggio-cantinetta-datron","status":"publish","type":"product","link":"https:\/\/franciacortabelon.it\/en\/store\/100-bottiglie-collezione-party-omaggio-cantinetta-datron\/","title":{"rendered":"100 Bottiglie Collezione Party + OMAGGIO Cantinetta Datron"},"content":{"rendered":"","protected":false},"excerpt":{"rendered":"<div class=\"elementor-element elementor-element-549a61b elementor-widget elementor-widget-text-editor\" data-id=\"549a61b\" data-element_type=\"widget\" data-widget_type=\"text-editor.default\">\n<h4><strong>Collezione<\/strong> <strong>Party<\/strong><\/h4>\n<p>&#8211; Brut DOCG \u2013 0,75 lt<br \/>\n&#8211; Brut DOCG \u2013 0,75 lt<br \/>\n&#8211; Brut DOCG \u2013 0,75 lt<\/p>\n<h4><strong>Cantinetta Vino 73 bottiglie Design<\/strong><\/h4>\n<p>&#8211; 73 Bottiglie<br \/>\n&#8211; Libera installazione<br \/>\n&#8211; Doppia Temperatura<br \/>\n&#8211; Mis. A. 1280 x L. 500 x P. 580 &#8211; kg. 60<\/p>\n<p>La <strong>Cantinetta Vino 73 Bottiglie Design<\/strong> \u00e8 un elettrodomestico di alta gamma che unisce funzionalit\u00e0 e raffinatezza estetica. Grazie alla doppia zona di temperatura, permette di conservare diverse tipologie di vino alle condizioni ideali, mentre il display centrale consente un controllo preciso e intuitivo.<\/p>\n<p>Progettata per la libera installazione, si adatta armoniosamente a ogni ambiente, dalla cucina moderna al soggiorno elegante o a uno spazio dedicato alla degustazione, diventando un vero e proprio elemento d\u2019arredo grazie al design minimalista e alla porta nera con maniglione integrato.<\/p>\n<p>I ripiani in legno di faggio offrono flessibilit\u00e0 e pregio, accogliendo bottiglie di varie dimensioni, mentre le luci LED interne, delicate e fredde, illuminano senza alterare la qualit\u00e0 del vino, garantendo una conservazione ottimale e un impatto visivo elegante.<\/p>\n<p>In sintesi, questa cantinetta non \u00e8 solo un contenitore per vini, ma un gioiello di design che coniuga stile, praticit\u00e0 e cura delle bottiglie, rendendo ogni ambiente pi\u00f9 sofisticato e accogliente.<\/p>\n<\/div>\n","protected":false},"featured_media":3967,"template":"","meta":{"_acf_changed":false},"product_brand":[],"product_cat":[291],"product_tag":[],"class_list":{"0":"post-4020","1":"product","2":"type-product","3":"status-publish","4":"has-post-thumbnail","6":"product_cat-datron","8":"first","9":"instock","10":"shipping-taxable","11":"purchasable","12":"product-type-simple"},"acf":[],"_links":{"self":[{"href":"https:\/\/franciacortabelon.it\/en\/wp-json\/wp\/v2\/product\/4020","targetHints":{"allow":["GET"]}}],"collection":[{"href":"https:\/\/franciacortabelon.it\/en\/wp-json\/wp\/v2\/product"}],"about":[{"href":"https:\/\/franciacortabelon.it\/en\/wp-json\/wp\/v2\/types\/product"}],"wp:featuredmedia":[{"embeddable":true,"href":"https:\/\/franciacortabelon.it\/en\/wp-json\/wp\/v2\/media\/3967"}],"wp:attachment":[{"href":"https:\/\/franciacortabelon.it\/en\/wp-json\/wp\/v2\/media?parent=4020"}],"wp:term":[{"taxonomy":"product_brand","embeddable":true,"href":"https:\/\/franciacortabelon.it\/en\/wp-json\/wp\/v2\/product_brand?post=4020"},{"taxonomy":"product_cat","embeddable":true,"href":"https:\/\/franciacortabelon.it\/en\/wp-json\/wp\/v2\/product_cat?post=4020"},{"taxonomy":"product_tag","embeddable":true,"href":"https:\/\/franciacortabelon.it\/en\/wp-json\/wp\/v2\/product_tag?post=4020"}],"curies":[{"name":"wp","href":"https:\/\/api.w.org\/{rel}","templated":true}]}}