{"id":3835,"date":"2025-11-07T11:24:40","date_gmt":"2025-11-07T10:24:40","guid":{"rendered":"https:\/\/franciacortabelon.it\/?post_type=product&#038;p=3835"},"modified":"2025-11-11T17:39:24","modified_gmt":"2025-11-11T16:39:24","slug":"datron-cantinetta-vino-144-bottiglie-luxury-show","status":"publish","type":"product","link":"https:\/\/franciacortabelon.it\/ru\/magazin\/datron-cantinetta-vino-144-bottiglie-luxury-show\/","title":{"rendered":"300 Bottiglie Collezione Party + OMAGGIO Cantinetta Datron"},"content":{"rendered":"<div class=\"elementor-element elementor-element-549a61b elementor-widget elementor-widget-text-editor\" data-id=\"549a61b\" data-element_type=\"widget\" data-widget_type=\"text-editor.default\">\n<div class=\"elementor-element elementor-element-549a61b elementor-widget elementor-widget-text-editor\" data-id=\"549a61b\" data-element_type=\"widget\" data-widget_type=\"text-editor.default\">\n<div class=\"elementor-element elementor-element-549a61b elementor-widget elementor-widget-text-editor\" data-id=\"549a61b\" data-element_type=\"widget\" data-widget_type=\"text-editor.default\">\n<p>La<strong> Cantinetta Vino 144 \u2013 157 bottiglie Luxury Show<\/strong> \u00e8 pi\u00f9 di una semplice cantinetta: \u00e8 il custode dei tuoi momenti speciali, progettata per mantenere una temperatura costante e ideale che garantisce la conservazione perfetta dei tuoi vini pi\u00f9 pregiati.<\/p>\n<p>Con un sistema a <strong>\u00a0mono temperatura<\/strong>, crea un ambiente perfettamente controllato, dove ogni bottiglia pu\u00f2 riposare in condizioni ottimali, preservando nel tempo i suoi aromi e sapori. I <strong>ripiani in metallo sagomato,<\/strong> completamente estraibili su guide telescopiche, offrono la massima flessibilit\u00e0 per organizzare il tuo prezioso assortimento, accogliendo con eleganza bottiglie di varie forme e dimensioni.<\/p>\n<p>Il <strong>display<\/strong> interno ti permette di regolare facilmente le impostazioni di temperatura, offrendoti un controllo preciso che esalta ogni singola etichetta. E la <strong>luce a LED blu<\/strong>, oltre a donare un tocco di design raffinato, \u00e8 studiata per non danneggiare n\u00e9 surriscaldare le bottiglie, mantenendo intatte le loro preziose caratteristiche organolettiche.<\/p>\n<p>Questa cantinetta a <strong>installazione libera<\/strong> non \u00e8 solo versatile, ma \u00e8 pensata per integrarsi con perfettamente nel cuore della tua casa. Pu\u00f2 essere <strong>incassata<\/strong> armoniosamente tra i mobili della cucina, creando un angolo dedicato alla tua passione per il vino.<\/p>\n<\/div>\n<\/div>\n<\/div>\n","protected":false},"excerpt":{"rendered":"<div class=\"elementor-element elementor-element-549a61b elementor-widget elementor-widget-text-editor\" data-id=\"549a61b\" data-element_type=\"widget\" data-widget_type=\"text-editor.default\">\n<div class=\"elementor-element elementor-element-549a61b elementor-widget elementor-widget-text-editor\" data-id=\"549a61b\" data-element_type=\"widget\" data-widget_type=\"text-editor.default\">\n<h4><strong>Collezione<\/strong> <strong>Party<\/strong><\/h4>\n<p>&#8212; Brut DOCG \u2013 0,75 lt<br \/>\n&#8212; Brut DOCG \u2013 0,75 lt<br \/>\n&#8212; Brut DOCG \u2013 0,75 lt<\/p>\n<h4><strong>Cantinetta Vino 144 bottiglie Luxury Show<\/strong><\/h4>\n<p>&#8212; 144 Bottiglie<br \/>\n&#8212; Libera \/ Incasso<br \/>\n&#8212; Mono Temperatura<br \/>\n&#8212; Mis. A. 1870 x L. 595 x P. 695 &#8212; kg. 110<\/p>\n<p>La <strong>Cantinetta Vino 144\u2013157 Bottiglie Luxury Show<\/strong> \u00e8 una soluzione elegante e performante a mono temperatura, ideale per conservare i vini in condizioni perfette. I ripiani in metallo estraibili su guide telescopiche offrono praticit\u00e0 e flessibilit\u00e0, mentre il display interno consente un controllo preciso della temperatura. La luce LED blu valorizza l\u2019interno senza surriscaldare le bottiglie. A libera installazione o incasso, unisce design e funzionalit\u00e0 per chi desidera il massimo nella cura del vino.<\/div>\n<\/div>\n","protected":false},"featured_media":3934,"template":"","meta":{"_acf_changed":false},"product_brand":[],"product_cat":[291],"product_tag":[],"class_list":{"0":"post-3835","1":"product","2":"type-product","3":"status-publish","4":"has-post-thumbnail","6":"product_cat-datron","8":"first","9":"instock","10":"shipping-taxable","11":"purchasable","12":"product-type-simple"},"acf":[],"_links":{"self":[{"href":"https:\/\/franciacortabelon.it\/ru\/wp-json\/wp\/v2\/product\/3835","targetHints":{"allow":["GET"]}}],"collection":[{"href":"https:\/\/franciacortabelon.it\/ru\/wp-json\/wp\/v2\/product"}],"about":[{"href":"https:\/\/franciacortabelon.it\/ru\/wp-json\/wp\/v2\/types\/product"}],"wp:featuredmedia":[{"embeddable":true,"href":"https:\/\/franciacortabelon.it\/ru\/wp-json\/wp\/v2\/media\/3934"}],"wp:attachment":[{"href":"https:\/\/franciacortabelon.it\/ru\/wp-json\/wp\/v2\/media?parent=3835"}],"wp:term":[{"taxonomy":"product_brand","embeddable":true,"href":"https:\/\/franciacortabelon.it\/ru\/wp-json\/wp\/v2\/product_brand?post=3835"},{"taxonomy":"product_cat","embeddable":true,"href":"https:\/\/franciacortabelon.it\/ru\/wp-json\/wp\/v2\/product_cat?post=3835"},{"taxonomy":"product_tag","embeddable":true,"href":"https:\/\/franciacortabelon.it\/ru\/wp-json\/wp\/v2\/product_tag?post=3835"}],"curies":[{"name":"wp","href":"https:\/\/api.w.org\/{rel}","templated":true}]}}