{"id":2310,"date":"2022-01-14T14:35:40","date_gmt":"2022-01-14T13:35:40","guid":{"rendered":"https:\/\/franciacortabelon.it\/?page_id=2310"},"modified":"2022-01-25T12:40:15","modified_gmt":"2022-01-25T11:40:15","slug":"yinsi-zhengce","status":"publish","type":"page","link":"https:\/\/franciacortabelon.it\/zh-hans\/yinsi-zhengce\/","title":{"rendered":"\u9690\u79c1\u653f\u7b56"},"content":{"rendered":"\n\t<section class=\"section\" id=\"section_890788867\">\n\t\t<div class=\"section-bg fill\" >\n\t\t\t\t\t\t\t\t\t\n\t\t\t\n\n\t\t<\/div>\n\n\t\t\n\n\t\t<div class=\"section-content relative\">\n\t\t\t\n<div class=\"row\"  id=\"row-429358233\">\n\n\t<div id=\"col-1857205027\" class=\"col medium-12 small-12 large-12\"  >\n\t\t\t\t<div class=\"col-inner text-left\"  >\n\t\t\t\n\t\t\t<nav class=\"yoast-breadcrumb breadcrumbs\"><span><span><a href=\"https:\/\/franciacortabelon.it\/zh-hans\/\">\u4e3b\u9875<\/a><\/span><\/span><\/nav>\n\n\t<div id=\"text-200857745\" class=\"text\">\n\t\t\n<h1>\u9690\u79c1\u653f\u7b56<\/h1>\n\t\t\n<style>\n#text-200857745 {\n  text-align: left;\n}\n<\/style>\n\t<\/div>\n\t\n\t<div id=\"gap-1219012229\" class=\"gap-element clearfix\" style=\"display:block; height:auto;\">\n\t\t\n<style>\n#gap-1219012229 {\n  padding-top: 40px;\n}\n<\/style>\n\t<\/div>\n\t\n<div class=\"is-divider divider clearfix\" ><\/div>\n<p><a href=\"https:\/\/www.iubenda.com\/privacy-policy\/36288538\" class=\"iubenda-white no-brand iubenda-noiframe iubenda-embed iub-no-markup iubenda-noiframe iub-body-embed\" title=\"Privacy Policy\">Privacy Policy<\/a><script type=\"text\/javascript\">(function (w,d) {var loader = function () {var s = d.createElement(\"script\"), tag = d.getElementsByTagName(\"script\")[0]; s.src=\"https:\/\/cdn.iubenda.com\/iubenda.js\"; tag.parentNode.insertBefore(s,tag);}; if(w.addEventListener){w.addEventListener(\"load\", loader, false);}else if(w.attachEvent){w.attachEvent(\"onload\", loader);}else{w.onload = loader;}})(window, document);<\/script><\/p>\n<div class=\"is-divider divider clearfix\" ><\/div>\n<p><a href=\"https:\/\/www.iubenda.com\/privacy-policy\/36288538\/cookie-policy\" class=\"iubenda-white no-brand iubenda-noiframe iubenda-embed iub-no-markup iubenda-noiframe iub-body-embed\" title=\"Cookie Policy\">Cookie Policy<\/a><script type=\"text\/javascript\">(function (w,d) {var loader = function () {var s = d.createElement(\"script\"), tag = d.getElementsByTagName(\"script\")[0]; s.src=\"https:\/\/cdn.iubenda.com\/iubenda.js\"; tag.parentNode.insertBefore(s,tag);}; if(w.addEventListener){w.addEventListener(\"load\", loader, false);}else if(w.attachEvent){w.attachEvent(\"onload\", loader);}else{w.onload = loader;}})(window, document);<\/script><\/p>\n\t<div id=\"text-3135853801\" class=\"text hidden\">\n\t\t\n<p class=\"alt-font uppercase\"><span style=\"text-decoration: underline;\">Soggetti interessati: navigatori<\/span><\/p>\n<p class=\"alt-font\">Ai sensi del Regolamento UE 2016\/679 (G.D.P.R.), questa pagina descrive le modalit\u00e0 di trattamento dei dati personali degli utenti che consultano il sito web accessibile per via telematica all\u2019indirizzo www.franciacortabelon.it. (sito).<\/p>\n<p class=\"alt-font\">Le presenti informazioni non riguardano altri siti, pagine o servizi online raggiungibili tramite link ipertestuali eventualmente pubblicati nei siti ma riferiti a risorse esterne al dominio del Titolare.<\/p>\n<p class=\"alt-font\">Si precisa che la politica sulla Privacy potrebbe essere occasionalmente modificata in funzione dell\u2019attivazione di nuovi servizi o a seguito di aggiornamenti imposti dalla normativa vigente. Pertanto \u00e8 consigliabile controllare periodicamente le eventuali novit\u00e0 in materia consultando il suddetto sito. In questa pagina si descrivono le modalit\u00e0 di gestione del sito in riferimento al trattamento dei dati personali degli utenti che lo consultano. Si tratta di un\u2019informativa che \u00e8 resa anche ai sensi dell\u2019art.13 del G.D.P.R. relativo alla protezione delle persone fisiche con riguardo al trattamento dei dati personali a coloro che interagiscono con i servizi web del sito, ulteriori ed eventuali trattamenti dati sono definiti nella presente informativa e cookie policy.<\/p>\n<p class=\"alt-font\">L\u2019informativa \u00e8 resa solo per il presente sito e non anche per altri siti web eventualmente consultati dall\u2019utente tramite link. L\u2019informativa si ispira anche alla Raccomandazione n. 2\/2001 che le autorit\u00e0 europee per la protezione dei dati personali, riunite nel Gruppo istituito dall\u2019art. 29 della direttiva n. 95\/46\/CE, hanno adottato il 17 maggio 2001 per individuare alcuni requisiti minimi per la raccolta di dati personali on-line, e, in particolare, le modalit\u00e0, i tempi e la natura delle informazioni che i titolari del trattamento devono fornire agli utenti quando questi si collegano a pagine web, indipendentemente dagli scopi del collegamento.<\/p>\n<p class=\"alt-font\"><span style=\"text-decoration: underline;\">IL TITOLARE DEL TRATTAMENTO<\/span><\/p>\n<p class=\"alt-font\">A seguito della consultazione di questo sito possono essere trattati dati relativi a persone identificate o identificabili.<\/p>\n<p class=\"alt-font\">Il titolare del loro trattamento \u00e8:<\/p>\n<p class=\"alt-font\" style=\"padding-left: 40px;\">S.V. FRANCIACORTA B\u00c8LON SRL<br \/>\nSede Legale Via Piave \u2013 25030 Adro (BS)<br \/>\nCCIAA REA N\u00b0 BS583265 &#8211; P.I.: 04608440287<\/p>\n<p class=\"alt-font\"><span style=\"text-decoration: underline;\">BASE GIURIDICA DEL TRATTAMENTO<\/span><\/p>\n<p class=\"alt-font\">I dati personali indicati in questa pagina sono trattati dal titolare per lo svolgimento delle proprie attivit\u00e0. Consenso, esecuzione di un contratto, adempimento di un obbligo legale nonch\u00e9 il perseguimento di un legittimo interesse sono le basi giuridiche che, a seconda dei trattamenti dati svolti sul suddetto sito internet, saranno perseguite.<\/p>\n<p class=\"alt-font\"><span style=\"text-decoration: underline;\">LUOGO DI TRATTAMENTO DEI DATI<\/span><\/p>\n<p class=\"alt-font\">I trattamenti connessi ai servizi web di questo sito hanno sede in Italia, e sono gestiti dal fornitore di servizi Wallabi S.r.l. (fornitore dei servizi di sviluppo e manutenzione della piattaforma web) e sono curati dal proprio personale tecnico, quale responsabile del trattamento, e da altri incaricati di S.V. Franciacorta B\u00e8lon SRL, in occasione di operazioni di aggiornamento e manutenzione. Nessun dato derivante dal servizio web viene diffuso. I dati personali forniti volontariamente dagli utenti che inoltrano richieste di contatto sono utilizzati al solo fine di eseguire il servizio o la prestazione richiesta anche eventualmente tramite fornitori di servizio esterni.<\/p>\n<p class=\"alt-font\"><span style=\"text-decoration: underline;\">TIPI DI DATI TRATTATI E FINALIT\u00c0 DI TRATTAMENTO<\/span><\/p>\n<p class=\"alt-font\"><em><span style=\"text-decoration: underline;\">Dati di navigazione<\/span><br \/>\n<\/em>I sistemi informatici e le procedure software preposte al funzionamento del sito acquisiscono, nel corso del loro normale esercizio, alcuni dati personali la cui trasmissione \u00e8 implicita nell\u2019uso dei protocolli di comunicazione di Internet.<\/p>\n<p class=\"alt-font\">In questa categoria di dati rientrano gli indirizzi IP o i nomi a dominio dei computer e dei terminali utilizzati dagli utenti, gli indirizzi in notazione URI\/URL (Uniform Resource Identifier\/Locator) delle risorse richieste, l\u2019orario della richiesta, il metodo utilizzato nel sottoporre la richiesta al server, la dimensione del file ottenuto in risposta, il codice numerico indicante lo stato della risposta data dal server (buon fine, errore, ecc.) e altri parametri relativi al sistema operativo e all\u2019ambiente informatico dell\u2019utente.<\/p>\n<p class=\"alt-font\">Tali dati, necessari per la fruizione dei servizi web, vengono anche trattati allo scopo di: \u2013 Ottenere informazioni statistiche sull\u2019uso dei servizi (pagine pi\u00f9 visitate, numero di visitatori per fascia oraria o giornaliera, aree geografiche di provenienza, ecc.); \u2013 Controllare il corretto funzionamento dei servizi offerti.<\/p>\n<p class=\"alt-font\"><em><span style=\"text-decoration: underline;\">Dati comunicati dall\u2019utente<\/span><br \/>\n<\/em>L\u2019invio facoltativo, esplicito e volontario di messaggi agli indirizzi di contatto di S.V. Franciacorta B\u00e8lon SRL, nonch\u00e9 la compilazione e l\u2019inoltro dei moduli presenti sul sito comportano l\u2019acquisizione dei dati di contatto del mittente, necessari a rispondere, nonch\u00e9 di tutti i dati personali inclusi nelle comunicazioni.<\/p>\n<p class=\"alt-font\">Specifiche informative verranno pubblicate nelle pagine del sito predisposte per l\u2019erogazione di determinati servizi.<\/p>\n<p class=\"alt-font\"><em><span style=\"text-decoration: underline;\">Cookie e altri sistemi di tracciamento<\/span><br \/>\n<\/em>Viene fatto uso di cookie: i cookie sono piccoli file di testo, che il sito web inserisce nei dispositivi in uso, che siano computer o periferiche mobili, salvati nelle directory utilizzate dal browser web dell\u2019utente. Vi sono vari tipi di cookie, alcuni per rendere pi\u00f9 efficace l\u2019uso del sito, altri per abilitare determinate funzionalit\u00e0 o per concludere il processo di acquisto.<\/p>\n<p class=\"alt-font\">S.V. Franciacorta B\u00e8lon SRL utilizza i cookie su questo sito per rendere i propri servizi semplici ed efficienti per l\u2019utenza che ne visiona le pagine.<\/p>\n<p class=\"alt-font\">Il sito utilizza cookie \u201ctecnici\u201d, quali i cookie di navigazione o sessione, ovvero strumenti diretti a rendere funzionale ed ottimizzare la navigazione e la fruizione del sito.<\/p>\n<p class=\"alt-font\">Sono presenti anche cookie analitici che raccolgono informazioni, in forma aggregata, sul numero degli utenti e su come gli stessi visitano il sito. Il sito si avvale del servizio Google Analytics, la cui cookie policy pu\u00f2 essere visionata all\u2019indirizzo https:\/\/support.google.com\/analytics\/answer\/6004245.<\/p>\n<p class=\"alt-font\">Non sono presenti cookie di profilazione.<\/p>\n<p class=\"alt-font\"><em><span style=\"text-decoration: underline;\">Dati di navigazione<\/span><br \/>\n<\/em>Questi dati vengono utilizzati al solo fine di ricavare informazioni statistiche anonime sull\u2019uso del sito e per controllarne il corretto funzionamento e vengono cancellati immediatamente dopo l\u2019elaborazione. Le informazioni raccolte automaticamente possono essere utilizzate da S.V. Franciacorta B\u00e8lon SRL per l\u2019accertamento di responsabilit\u00e0 in caso di ipotetici reati informatici ai danni del sito, per fini statistici, per migliorare la navigazione e i contenuti del sito.<\/p>\n<p class=\"alt-font\"><em><span style=\"text-decoration: underline;\">Dati forniti volontariamente dall\u2019utente<\/span><br \/>\n<\/em>L\u2019invio facoltativo, esplicito e volontario di dati inseriti nei moduli di raccolta dei dati (form), oppure l\u2019invio di e-mail agli indirizzi di posta elettronica indicati su questo sito comporta la successiva acquisizione dell\u2019indirizzo del mittente, necessario per rispondere alle richieste, nonch\u00e9 degli eventuali altri dati personali inseriti nella comunicazione. Si precisa che i dati personali e\/o aziendali inseriti nei form presenti sul sito, vengono tutelati da S.V. Franciacorta B\u00e8lon SRL e utilizzati per rispondere a quesiti dell\u2019utente, per fornire le informazioni e i servizi richiesti.<\/p>\n<p class=\"alt-font\"><span style=\"text-decoration: underline;\">FACOLTATIVIT\u00c0 DEL CONFERIMENTO DEI DATI<\/span><\/p>\n<p class=\"alt-font\">A parte quanto specificato per i dati di navigazione, l\u2019utente \u00e8 libero di fornire i dati personali riportati nei moduli di richiesta informazioni a S.V. Franciacorta B\u00e8lon SRL; ogni qualvolta verranno richiesti tali dati sar\u00e0 fornita specifica informativa e, ove necessario, richiesto il relativo consenso.<\/p>\n<p class=\"alt-font\"><span style=\"text-decoration: underline;\">MODALIT\u00c0 DI TRATTAMENTO<\/span><\/p>\n<p class=\"alt-font\">I dati personali sono trattati con strumenti automatizzati per il tempo strettamente necessario a conseguire gli scopi per cui sono stati raccolti. Specifiche misure di sicurezza sono osservate per prevenire la perdita dei dati, usi illeciti o non corretti e accessi non autorizzati. La informiamo che, per fornire un servizio completo, sono presenti link ad altri siti web gestiti da altri titolari. Si declina ogni responsabilit\u00e0 in caso di errori, contenuti, cookies, pubblicazioni di contenuto immorale illecito, pubblicit\u00e0, banner o files non conformi alle disposizioni normative vigenti e del rispetto della normativa Privacy da parte di siti da noi non gestiti a cui si fa riferimento.<\/p>\n<p class=\"alt-font\"><span style=\"text-decoration: underline;\">DESTINATARI DEI DATI<\/span><\/p>\n<p class=\"alt-font\">Sono destinatari dei dati raccolti a seguito della consultazione dei siti sopra elencati i seguenti soggetti designati da S.V. Franciacorta B\u00e8lon SRL, ai sensi dell\u2019articolo 28 del Regolamento, quali responsabili del trattamento:<br \/>\n\u2013 Wallabi S.r.l. quale fornitore dei servizi di sviluppo e manutenzione della piattaforma web;<\/p>\n<p class=\"alt-font\">I dati personali raccolti sono altres\u00ec trattati dal personale di S.V. Franciacorta B\u00e8lon SRL, che agisce sulla base di specifiche istruzioni fornite in ordine alle finalit\u00e0 e alle modalit\u00e0 del trattamento medesimo.<\/p>\n<p class=\"alt-font\"><span style=\"text-decoration: underline;\">TRASFERIMENTO DATI ALL\u2019ESTERO<\/span><\/p>\n<p class=\"alt-font\">Paesi terzi: I dati potranno essere comunicati in paesi terzi relativamente al servizio di newsletter erogato tramite apposita iscrizione nel form presente sul sito web. Il titolare pu\u00f2 avvalersi anche di responsabili del trattamento ubicati in paesi extra UE.<\/p>\n<p class=\"alt-font\"><span style=\"text-decoration: underline;\">DIRITTI DEGLI INTERESSATI<\/span><\/p>\n<p class=\"alt-font\">Lei ha diritto di ottenere dal titolare la cancellazione (eventuale diritto all\u2019oblio), la limitazione, l\u2019aggiornamento, la rettificazione, la portabilit\u00e0, l\u2019opposizione al trattamento dei dati personali che La riguardano, nonch\u00e9 in generale pu\u00f2 esercitare tutti i diritti previsti dagli artt. 15, 16, 17, 18, 19, 20, 21, 22 del G.D.P.R., ove applicabili rispetto alle finalit\u00e0 di trattamento dei dati.<\/p>\n<p class=\"alt-font\"><span style=\"text-decoration: underline;\">REGOLAMENTO UE 2016\/679 (G.D.P.R.): ARTT. 15, 16, 17, 18, 19, 20, 21, 22<\/span><\/p>\n<p class=\"alt-font\">L\u2019interessato ha diritto di ottenere la conferma dell\u2019esistenza o meno di dati personali che lo riguardano, anche se non ancora registrati, nonch\u00e9 la loro comunicazione in forma intelligibile.<br \/>\nL\u2019interessato ha diritto di ottenere l\u2019indicazione: a. dell\u2019origine dei dati personali; b. delle finalit\u00e0 e modalit\u00e0 del trattamento; c. della logica applicata in caso di trattamento effettuato con l\u2019ausilio di strumenti elettronici; d. degli estremi identificativi del titolare, dei responsabili e del rappresentante designato ai sensi dell\u2019articolo 5, comma 2; e. dei soggetti o delle categorie di soggetti ai quali i dati personali possono essere comunicati o che possono venirne a conoscenza in qualit\u00e0 di rappresentanti designati nel territorio dello Stato, di responsabili o incaricati.<br \/>\nL\u2019interessato ha diritto di ottenere: a. l\u2019aggiornamento, la rettificazione ovvero, quando vi ha interesse, l\u2019integrazione dei dati; b. la cancellazione, la trasformazione in forma anonima o il blocco dei dati trattati in violazione di legge, compresi quelli di cui non \u00e8 necessaria la conservazione in relazione agli scopi per i quali i dati sono stati raccolti o successivamente trattati; c. l\u2019attestazione che le operazioni di cui alle lettere a) e b) sono state portate a conoscenza, anche per quanto riguarda il loro contenuto, di coloro ai quali i dati sono stati comunicati o diffusi, eccettuato il caso in cui tale adempimento si rivela impossibile o comporta un impiego di mezzi manifestamente sproporzionato rispetto al diritto tutelato; d. la portabilit\u00e0 dei dati.<br \/>\nL\u2019interessato ha diritto di opporsi, in tutto o in parte: a. per motivi legittimi al trattamento dei dati personali che lo riguardano, ancorch\u00e9 pertinenti allo scopo della raccolta; b. al trattamento di dati personali che lo riguardano a fini di invio di materiale pubblicitario o di vendita diretta o per il compimento di ricerche di mercato o di comunicazione commerciale.<\/p>\n<p class=\"alt-font\"><span style=\"text-decoration: underline;\">DIRITTO DI RECLAMO<\/span><\/p>\n<p class=\"alt-font\">Gli interessati che ritengono che il trattamento dei dati personali a loro riferiti effettuato attraverso questo sito avvenga in violazione di quanto previsto dal Regolamento hanno il diritto di proporre reclamo al Garante, come previsto dall\u2019art. 77 del Regolamento stesso, o di adire le opportune sedi giudiziarie (art. 79 del Regolamento).<\/p>\n\t\t\n<style>\n#text-3135853801 {\n  text-align: left;\n}\n<\/style>\n\t<\/div>\n\t\n\t\t<\/div>\n\t\t\t\t\n<style>\n#col-1857205027 > .col-inner {\n  padding: 30px 0px 0px 0px;\n}\n<\/style>\n\t<\/div>\n\n\t\n<\/div>\n\t\t<\/div>\n\n\t\t\n<style>\n#section_890788867 {\n  padding-top: 0px;\n  padding-bottom: 0px;\n}\n@media (min-width:550px) {\n  #section_890788867 {\n    padding-top: 30px;\n    padding-bottom: 30px;\n  }\n}\n<\/style>\n\t<\/section>\n\t\n","protected":false},"excerpt":{"rendered":"","protected":false},"author":1,"featured_media":0,"parent":0,"menu_order":0,"comment_status":"closed","ping_status":"closed","template":"page-blank.php","meta":{"_acf_changed":false,"footnotes":""},"class_list":["post-2310","page","type-page","status-publish","hentry"],"acf":[],"_links":{"self":[{"href":"https:\/\/franciacortabelon.it\/zh-hans\/wp-json\/wp\/v2\/pages\/2310","targetHints":{"allow":["GET"]}}],"collection":[{"href":"https:\/\/franciacortabelon.it\/zh-hans\/wp-json\/wp\/v2\/pages"}],"about":[{"href":"https:\/\/franciacortabelon.it\/zh-hans\/wp-json\/wp\/v2\/types\/page"}],"author":[{"embeddable":true,"href":"https:\/\/franciacortabelon.it\/zh-hans\/wp-json\/wp\/v2\/users\/1"}],"replies":[{"embeddable":true,"href":"https:\/\/franciacortabelon.it\/zh-hans\/wp-json\/wp\/v2\/comments?post=2310"}],"version-history":[{"count":4,"href":"https:\/\/franciacortabelon.it\/zh-hans\/wp-json\/wp\/v2\/pages\/2310\/revisions"}],"predecessor-version":[{"id":2593,"href":"https:\/\/franciacortabelon.it\/zh-hans\/wp-json\/wp\/v2\/pages\/2310\/revisions\/2593"}],"wp:attachment":[{"href":"https:\/\/franciacortabelon.it\/zh-hans\/wp-json\/wp\/v2\/media?parent=2310"}],"curies":[{"name":"wp","href":"https:\/\/api.w.org\/{rel}","templated":true}]}}