{"id":2507,"date":"2022-01-24T15:56:22","date_gmt":"2022-01-24T14:56:22","guid":{"rendered":"https:\/\/franciacortabelon.it\/?page_id=2507"},"modified":"2022-01-24T16:00:36","modified_gmt":"2022-01-24T15:00:36","slug":"fu-lang-qi-ya-keda","status":"publish","type":"page","link":"https:\/\/franciacortabelon.it\/zh-hans\/fu-lang-qi-ya-keda\/","title":{"rendered":"\u5f17\u6717\u9f50\u4e9a\u67ef\u8fbe"},"content":{"rendered":"\n  <div class=\"banner has-hover\" id=\"banner-1796097125\">\n          <div class=\"banner-inner fill\">\n        <div class=\"banner-bg fill\" >\n            <img decoding=\"async\" width=\"1920\" height=\"1080\" src=\"https:\/\/franciacortabelon.it\/wp-content\/uploads\/lafranciacorta-slider-originale.jpg\" class=\"bg attachment-original size-original\" alt=\"\" \/>                                    \n                    <\/div>\n\t\t\n        <div class=\"banner-layers container\">\n            <div class=\"fill banner-link\"><\/div>            \n        <\/div>\n      <\/div>\n\n            \n<style>\n#banner-1796097125 {\n  padding-top: 90%;\n}\n#banner-1796097125 .banner-bg img {\n  object-position: 50% 100%;\n}\n@media (min-width:550px) {\n  #banner-1796097125 {\n    padding-top: 53%;\n  }\n}\n<\/style>\n  <\/div>\n\n\n\n\t<section class=\"section\" id=\"section_311429417\">\n\t\t<div class=\"section-bg fill\" >\n\t\t\t\t\t\t\t\t\t\n\t\t\t\n\n\t\t<\/div>\n\n\t\t\n\n\t\t<div class=\"section-content relative\">\n\t\t\t\n<div class=\"row align-right\" style=\"max-width:733px\" id=\"row-875471877\">\n\n\t<div id=\"col-782754839\" class=\"col small-12 large-12\"  >\n\t\t\t\t<div class=\"col-inner text-center\"  >\n\t\t\t\n\t\t\t<nav class=\"yoast-breadcrumb breadcrumbs\"><span><span><a href=\"https:\/\/franciacortabelon.it\/zh-hans\/\">\u4e3b\u9875<\/a><\/span><\/span><\/nav>\n\n\t<div id=\"text-3213074674\" class=\"text\">\n\t\t\n<h1>F\u00fa l\u01ceng q\u00ed y\u00e0 k\u0113d\u00e1<\/h1>\n\t\t\n<style>\n#text-3213074674 {\n  text-align: left;\n}\n<\/style>\n\t<\/div>\n\t\n\t<div id=\"gap-2042920861\" class=\"gap-element clearfix\" style=\"display:block; height:auto;\">\n\t\t\n<style>\n#gap-2042920861 {\n  padding-top: 40px;\n}\n<\/style>\n\t<\/div>\n\t\n\t<div id=\"text-1176571180\" class=\"text\">\n\t\t\n<p class=\"lead\">\u5f17\u5f17\u6717\u9f50\u4e9a\u67ef\u8fbe\u662f\u4e00\u5757\u795e\u5947\u7684\u9886\u571f\uff0c\u5b83\u5df2\u6210\u4e3a\u5176\u6700\u73cd\u8d35\u7684\u4ea7\u54c1\u4e4b\u4e00\u7684\u4ee3\u540d\u8bcd\uff0c\u4eab\u8a89\u5168\u7403<\/p>\n\t\t\n<style>\n#text-1176571180 {\n  text-align: left;\n}\n<\/style>\n\t<\/div>\n\t\n\t\t<\/div>\n\t\t\t\t\t<\/div>\n\n\t\n\n<style>\n#row-875471877 > .col > .col-inner {\n  padding: 30px 0px 0px 0px;\n}\n<\/style>\n<\/div>\n\t\t<\/div>\n\n\t\t\n<style>\n#section_311429417 {\n  padding-top: 30px;\n  padding-bottom: 30px;\n}\n<\/style>\n\t<\/section>\n\t\n\n\t<section class=\"section\" id=\"section_1309807989\">\n\t\t<div class=\"section-bg fill\" >\n\t\t\t\t\t\t\t\t\t\n\t\t\t\n\n\t\t<\/div>\n\n\t\t\n\n\t\t<div class=\"section-content relative\">\n\t\t\t\n<div class=\"row align-middle align-center\"  id=\"row-2074860299\">\n\n\t<div id=\"col-373549008\" class=\"col medium-7 small-12 large-7\"  >\n\t\t\t\t<div class=\"col-inner text-center\"  >\n\t\t\t\n\t\t\t\n\t<div class=\"img has-hover x md-x lg-x y md-y lg-y\" id=\"image_283818350\">\n\t\t\t\t\t\t\t\t<div class=\"img-inner dark\" >\n\t\t\t<img decoding=\"async\" width=\"549\" height=\"271\" src=\"https:\/\/franciacortabelon.it\/wp-content\/uploads\/logo-franciacorta.png\" class=\"attachment-large size-large\" alt=\"\" \/>\t\t\t\t\t\t\n\t\t\t\t\t<\/div>\n\t\t\t\t\t\t\t\t\n<style>\n#image_283818350 {\n  width: 66%;\n}\n@media (min-width:550px) {\n  #image_283818350 {\n    width: 52%;\n  }\n}\n<\/style>\n\t<\/div>\n\t\n\t\t<\/div>\n\t\t\t\t\t<\/div>\n\n\t\n<\/div>\n\t\t<\/div>\n\n\t\t\n<style>\n#section_1309807989 {\n  padding-top: 0px;\n  padding-bottom: 0px;\n}\n<\/style>\n\t<\/section>\n\t\n\n\t<section class=\"section\" id=\"section_1307084419\">\n\t\t<div class=\"section-bg fill\" >\n\t\t\t\t\t\t\t\t\t\n\t\t\t\n\n\t\t<\/div>\n\n\t\t\n\n\t\t<div class=\"section-content relative\">\n\t\t\t\n<div class=\"row align-middle\" style=\"max-width:733px\" id=\"row-1637830993\">\n\n\t<div id=\"col-911830463\" class=\"col medium-9 small-12 large-9\"  >\n\t\t\t\t<div class=\"col-inner\"  >\n\t\t\t\n\t\t\t\n<p class=\"alt-font\">\u7528\u7ecf\u5178\u65b9\u6cd5\u751f\u4ea7\u7684\u8d77\u6ce1\u9152\uff0c\u4f7f\u5e03\u96f7\u897f\u4e9a\u548c\u4f0a\u585e\u5965\u6e56\u4e4b\u95f4\u7684\u8fd9\u4e2a\u5730\u533a\u6210\u4e3a\u4e00\u4e2a\u5168\u56fd\u6027\u7684\u53c2\u8003\u70b9\u3002\u5f17\u6717\u9f50\u4e9a\u67ef\u8fbe\u72ec\u7279\u6027\u7531\u5b83<strong>DOCG<\/strong>\u7684\u751f\u4ea7\u89c4\u5b9a\u6765\u4fdd\u8bc1\u5e76\u5176\u4e3b\u8981\u7279\u70b9\u662f\u5728\u74f6\u4e2d\u91cd\u65b0\u53d1\u9175\u3002<\/p>\n\t\t<\/div>\n\t\t\t\t\t<\/div>\n\n\t\n\n\t<div id=\"col-1540869084\" class=\"col hide-for-small medium-3 small-12 large-3\"  >\n\t\t\t\t<div class=\"col-inner\"  >\n\t\t\t\n\t\t\t\n\t\t<\/div>\n\t\t\t\t\t<\/div>\n\n\t\n\n\t<div id=\"col-108355650\" class=\"col hide-for-small medium-3 small-12 large-3\"  >\n\t\t\t\t<div class=\"col-inner\"  >\n\t\t\t\n\t\t\t\n\t\t<\/div>\n\t\t\t\t\t<\/div>\n\n\t\n\n\t<div id=\"col-924072473\" class=\"col medium-9 small-12 large-9\"  >\n\t\t\t\t<div class=\"col-inner\"  >\n\t\t\t\n\t\t\t\n<p class=\"alt-font\">\u4ece\u8003\u53e4\u53d1\u73b0\u8bc1\u660e\u4e86\u53e4\u8001\u7684\u8461\u8404\u683d\u57f9\u7684\u5b58\u5728, \u5230\u4e2d\u4e16\u7eaa\u672c\u7b03\u4f1a\u50e7\u4fa3\u7684\u6d3b\u52a8\uff0c\u518d\u523020\u4e16\u7eaa60\u5e74\u4ee3\u8461\u8404\u9152\u5382\u7684\u84ec\u52c3\u53d1\u5c55\uff0c\u8fd9\u4e2a\u5730\u533a\u7684\u6574\u4e2a\u5386\u53f2\u90fd\u4e0e\u8461\u8404\u9152\u751f\u4ea7\u5bc6\u5207\u76f8\u5173\u3002\u5f17\u6717\u9f50\u4e9a\u67ef\u8fbe\u4e0e\u5176\u9886\u571f\u7684\u5386\u53f2\u4e4b\u95f4\u7684\u5173\u7cfb\u59cb\u7ec8\u592a\u7d27\u5bc6\u4e86\uff0c\u4ee5\u81f3\u4e8e\u5f17\u6717\u9f50\u4e9a\u67ef\u8fbe\u8fd9\u4e2a\u540d\u5b57\u5c31\u662f\u4ece\u672c\u7b03\u4f1a\u50e7\u4fa3\u7684\u793e\u533a &#8220;Curtis francae&#8221;\u4e2d\u4ea7\u751f\u7684\u3002<\/p>\n\t\t<\/div>\n\t\t\t\t\t<\/div>\n\n\t\n\n<style>\n#row-1637830993 > .col > .col-inner {\n  padding: 30px 0px 0px 0px;\n}\n<\/style>\n<\/div>\n\t\t<\/div>\n\n\t\t\n<style>\n#section_1307084419 {\n  padding-top: 0px;\n  padding-bottom: 0px;\n}\n<\/style>\n\t<\/section>\n\t\n\n\t<section class=\"section\" id=\"section_1489775117\">\n\t\t<div class=\"section-bg fill\" >\n\t\t\t\t\t\t\t\t\t\n\t\t\t\n\n\t\t<\/div>\n\n\t\t\n\n\t\t<div class=\"section-content relative\">\n\t\t\t\n<div class=\"row row-small row-full-width\"  id=\"row-891642630\">\n\n\t<div id=\"col-1730097576\" class=\"col medium-4 small-12 large-4\"  >\n\t\t\t\t<div class=\"col-inner\"  >\n\t\t\t\n\t\t\t\n\t<div class=\"img has-hover x md-x lg-x y md-y lg-y\" id=\"image_1376110169\">\n\t\t\t\t\t\t\t\t<div class=\"img-inner dark\" >\n\t\t\t<img decoding=\"async\" width=\"768\" height=\"515\" src=\"https:\/\/franciacortabelon.it\/wp-content\/uploads\/1-gallery-la-franciacorta-768x515.jpg\" class=\"attachment-medium size-medium\" alt=\"\" srcset=\"https:\/\/franciacortabelon.it\/wp-content\/uploads\/1-gallery-la-franciacorta-768x515.jpg 768w, https:\/\/franciacortabelon.it\/wp-content\/uploads\/1-gallery-la-franciacorta-600x402.jpg 600w, https:\/\/franciacortabelon.it\/wp-content\/uploads\/1-gallery-la-franciacorta.jpg 1000w\" sizes=\"(max-width: 768px) 100vw, 768px\" \/>\t\t\t\t\t\t\n\t\t\t\t\t<\/div>\n\t\t\t\t\t\t\t\t\n<style>\n#image_1376110169 {\n  width: 100%;\n}\n<\/style>\n\t<\/div>\n\t\n\t\t<\/div>\n\t\t\t\t\t<\/div>\n\n\t\n\n\t<div id=\"col-2032458414\" class=\"col medium-4 small-12 large-4\"  >\n\t\t\t\t<div class=\"col-inner\"  >\n\t\t\t\n\t\t\t\n\t<div class=\"img has-hover x md-x lg-x y md-y lg-y\" id=\"image_1308964866\">\n\t\t\t\t\t\t\t\t<div class=\"img-inner dark\" >\n\t\t\t<img decoding=\"async\" width=\"768\" height=\"515\" src=\"https:\/\/franciacortabelon.it\/wp-content\/uploads\/2-gallery-la-franciacorta-768x515.jpg\" class=\"attachment-medium size-medium\" alt=\"\" srcset=\"https:\/\/franciacortabelon.it\/wp-content\/uploads\/2-gallery-la-franciacorta-768x515.jpg 768w, https:\/\/franciacortabelon.it\/wp-content\/uploads\/2-gallery-la-franciacorta-600x402.jpg 600w, https:\/\/franciacortabelon.it\/wp-content\/uploads\/2-gallery-la-franciacorta.jpg 1000w\" sizes=\"(max-width: 768px) 100vw, 768px\" \/>\t\t\t\t\t\t\n\t\t\t\t\t<\/div>\n\t\t\t\t\t\t\t\t\n<style>\n#image_1308964866 {\n  width: 100%;\n}\n<\/style>\n\t<\/div>\n\t\n\t\t<\/div>\n\t\t\t\t\t<\/div>\n\n\t\n\n\t<div id=\"col-1513263162\" class=\"col medium-4 small-12 large-4\"  >\n\t\t\t\t<div class=\"col-inner\"  >\n\t\t\t\n\t\t\t\n\t<div class=\"img has-hover x md-x lg-x y md-y lg-y\" id=\"image_881546333\">\n\t\t\t\t\t\t\t\t<div class=\"img-inner dark\" >\n\t\t\t<img decoding=\"async\" width=\"768\" height=\"515\" src=\"https:\/\/franciacortabelon.it\/wp-content\/uploads\/3-gallery-la-franciacorta-768x515.jpg\" class=\"attachment-medium size-medium\" alt=\"\" srcset=\"https:\/\/franciacortabelon.it\/wp-content\/uploads\/3-gallery-la-franciacorta-768x515.jpg 768w, https:\/\/franciacortabelon.it\/wp-content\/uploads\/3-gallery-la-franciacorta-600x402.jpg 600w, https:\/\/franciacortabelon.it\/wp-content\/uploads\/3-gallery-la-franciacorta.jpg 1000w\" sizes=\"(max-width: 768px) 100vw, 768px\" \/>\t\t\t\t\t\t\n\t\t\t\t\t<\/div>\n\t\t\t\t\t\t\t\t\n<style>\n#image_881546333 {\n  width: 100%;\n}\n<\/style>\n\t<\/div>\n\t\n\t\t<\/div>\n\t\t\t\t\t<\/div>\n\n\t\n<\/div>\n\t\t<\/div>\n\n\t\t\n<style>\n#section_1489775117 {\n  padding-top: 0px;\n  padding-bottom: 0px;\n}\n<\/style>\n\t<\/section>\n\t\n\n\t<section class=\"section\" id=\"section_1056164600\">\n\t\t<div class=\"section-bg fill\" >\n\t\t\t\t\t\t\t\t\t\n\t\t\t\n\n\t\t<\/div>\n\n\t\t\n\n\t\t<div class=\"section-content relative\">\n\t\t\t\n\n\t<section class=\"section dark\" id=\"section_639232147\">\n\t\t<div class=\"section-bg fill\" >\n\t\t\t<img decoding=\"async\" width=\"1404\" height=\"936\" src=\"https:\/\/franciacortabelon.it\/wp-content\/uploads\/sfondo-banner-bottiglie.jpg\" class=\"bg attachment- size-\" alt=\"\" \/>\t\t\t\t\t\t<div class=\"section-bg-overlay absolute fill\"><\/div>\n\t\t\t\n\n\t\t<\/div>\n\n\t\t\n\n\t\t<div class=\"section-content relative\">\n\t\t\t\n\n<div class=\"row align-middle align-center\" style=\"max-width:841px\" id=\"row-75478699\">\n\n\n\t<div id=\"col-1658666255\" class=\"col small-12 large-12\"  >\n\t\t\t\t<div class=\"col-inner text-center\"  >\n\t\t\t\n\t\t\t\n\n\t<div id=\"gap-578208572\" class=\"gap-element clearfix\" style=\"display:block; height:auto;\">\n\t\t\n<style>\n#gap-578208572 {\n  padding-top: 65px;\n}\n<\/style>\n\t<\/div>\n\t\n\n<h2><span style=\"color: #f3915e;\">\u53c2\u89c2\u9152\u5e84<br \/>\n<\/span><\/h2>\n\t<div id=\"gap-215921142\" class=\"gap-element clearfix\" style=\"display:block; height:auto;\">\n\t\t\n<style>\n#gap-215921142 {\n  padding-top: 65px;\n}\n<\/style>\n\t<\/div>\n\t\n\n\t<div id=\"text-2185770\" class=\"text\">\n\t\t\n\n<p>\u8d1d\u9686\u00b7\u5f17\u6717\u9f50\u4e9a\u67ef\u8fbe\u8d77\u6ce1\u9152\u8bde\u751f\u4e8e\u4f0a\u585e\u5965\u6e56\u8fb9\u7684\u57c3\u5c14\u5e03\u65af\u79d1(Erbusco)\u9152\u5e84\uff1a\u5c31\u662f\u8bf4\u4e00\u5904\u65e2\u6709\u6280\u672f\u7279\u5f81\u53c8\u6709\u6614\u65e5\u98ce\u5473\u7684\u5730\u65b9\u3002\u5728\u5de5\u827a\u548c\u521b\u65b0\u4e4b\u95f4\uff0c\u4e00\u4e2a\u72ec\u7279\u7a7a\u95f4\uff0c\u751f\u4ea7\u548c\u50a8\u5b58\u4e86\u73cd\u8d35\u7684\u8461\u8404\u9152\u3002\n<\/p>\n\t\t\n<style>\n#text-2185770 {\n  font-size: 1.25rem;\n}\n<\/style>\n\t<\/div>\n\t\n\t<div id=\"gap-2011295386\" class=\"gap-element clearfix\" style=\"display:block; height:auto;\">\n\t\t\n<style>\n#gap-2011295386 {\n  padding-top: 65px;\n}\n<\/style>\n\t<\/div>\n\t\n\n<a href=\"https:\/\/franciacortabelon.it\/zh-hans\/canguan\/\" class=\"button primary is-outline\"  >\n\t\t<span>\u9884\u7ea6\u53c2\u89c2<\/span>\n\t<\/a>\n\n\n\t<div id=\"gap-784128172\" class=\"gap-element clearfix\" style=\"display:block; height:auto;\">\n\t\t\n<style>\n#gap-784128172 {\n  padding-top: 65px;\n}\n<\/style>\n\t<\/div>\n\t\n\n\n\t\t<\/div>\n\t\t\t\t\t<\/div>\n\n\t\n\n<\/div>\n\n\t\t<\/div>\n\n\t\t\n<style>\n#section_639232147 {\n  padding-top: 30px;\n  padding-bottom: 30px;\n}\n#section_639232147 .section-bg-overlay {\n  background-color: rgba(0, 0, 0, 0.471);\n}\n<\/style>\n\t<\/section>\n\t\n\t\t<\/div>\n\n\t\t\n<style>\n#section_1056164600 {\n  padding-top: 0px;\n  padding-bottom: 0px;\n}\n@media (min-width:850px) {\n  #section_1056164600 {\n    padding-top: 50px;\n    padding-bottom: 50px;\n  }\n}\n<\/style>\n\t<\/section>\n\t\n","protected":false},"excerpt":{"rendered":"","protected":false},"author":1,"featured_media":0,"parent":0,"menu_order":0,"comment_status":"closed","ping_status":"closed","template":"page-transparent-header.php","meta":{"_acf_changed":false,"footnotes":""},"class_list":["post-2507","page","type-page","status-publish","hentry"],"acf":[],"_links":{"self":[{"href":"https:\/\/franciacortabelon.it\/zh-hans\/wp-json\/wp\/v2\/pages\/2507","targetHints":{"allow":["GET"]}}],"collection":[{"href":"https:\/\/franciacortabelon.it\/zh-hans\/wp-json\/wp\/v2\/pages"}],"about":[{"href":"https:\/\/franciacortabelon.it\/zh-hans\/wp-json\/wp\/v2\/types\/page"}],"author":[{"embeddable":true,"href":"https:\/\/franciacortabelon.it\/zh-hans\/wp-json\/wp\/v2\/users\/1"}],"replies":[{"embeddable":true,"href":"https:\/\/franciacortabelon.it\/zh-hans\/wp-json\/wp\/v2\/comments?post=2507"}],"version-history":[{"count":4,"href":"https:\/\/franciacortabelon.it\/zh-hans\/wp-json\/wp\/v2\/pages\/2507\/revisions"}],"predecessor-version":[{"id":2511,"href":"https:\/\/franciacortabelon.it\/zh-hans\/wp-json\/wp\/v2\/pages\/2507\/revisions\/2511"}],"wp:attachment":[{"href":"https:\/\/franciacortabelon.it\/zh-hans\/wp-json\/wp\/v2\/media?parent=2507"}],"curies":[{"name":"wp","href":"https:\/\/api.w.org\/{rel}","templated":true}]}}