{"id":2246,"date":"2021-09-08T12:01:02","date_gmt":"2021-09-08T10:01:02","guid":{"rendered":"https:\/\/franciacortabelon.it\/shop\/pas-dose-vintage-240-mesi-075-lt-riserva-doppio-zero-2001\/"},"modified":"2024-07-30T14:54:06","modified_gmt":"2024-07-30T12:54:06","slug":"nian-shuang-ling-zhencang-de-vintage-shouhuo-xilie-pas-dose-240-yue-1-ping-750-haosheng","status":"publish","type":"product","link":"https:\/\/franciacortabelon.it\/zh-hans\/dianpu\/nian-shuang-ling-zhencang-de-vintage-shouhuo-xilie-pas-dose-240-yue-1-ping-750-haosheng\/","title":{"rendered":"\u5e74\u53cc\u96f6\u73cd\u85cf\u7684VINTAGE\u6536\u83b7\u7cfb\u5217Pas Dos\u00e9 \u2014 \u20141\u74f6750\u6beb\u5347 2001"},"content":{"rendered":"","protected":false},"excerpt":{"rendered":"<h2>\u4e0a\u4e2a\u4e16\u7eaa\u7684\u56de\u5fc6\u3001\u75d5\u8ff9\u3001\u6c14\u5473\u548c\u5bf9\u4f20\u627f\u5386\u53f2\u7684\u8461\u8404\u9152\u8010\u4eba\u5bfb\u5473\u7684\u575a\u6301\u3002<\/h2>\n<p>\u5c31\u50cf\u6709\u6545\u4e8b\u7684\u4eba\u90a3\u6837\u4ee4\u4eba\u7740\u8ff7\uff0c\u5982\u540c\u5236\u4f5c\u8461\u8404\u7684\u8d28\u91cf\u4e00\u6837\u73cd\u8d35\u3002 Saecolum XX \u662f\u4e00\u6b3e\u5e26\u6709\u4e0a\u4e16\u7eaa\u98ce\u5473\u7684\u8461\u8404\u9152\uff1a\u5728\u9152\u7a96\u4e2d\u4e0e\u9175\u6bcd\u76f8\u4f34\u7684\u8fd125\u5e74\u65f6\u95f4\u4f7f\u5176\u6210\u4e3a\u91cd\u8981\u800c\u7f55\u89c1\u7684\u611f\u5b98\u4f53\u9a8c\u3002 \u5728\u8fd9\u4e2a\u8fdb\u5316\u6210\u719f\u7684\u5f17\u6717\u9f50\u4e9a\u67ef\u8fbe\u4e2d\uff0c\u5386\u53f2\u4e0e\u56de\u5fc6\u7684\u751c\u871c\u878d\u4e3a\u4e00\u4f53\u3002 \u5b83\u4ee4\u4eba\u5174\u594b\u7684\u9999\u5473\u8ba9\u4eba\u8054\u60f3\u5230\u5496\u5561\u3001\u8702\u871c\u548c\u767d\u677e\u9732\uff0c\u4ee5\u53ca\u7425\u73c0\u3001\u4f5b\u624b\u67d1\u548c\u871c\u996f\u6a59\u76ae\u7684\u9999\u6c14\u3002<br \/>\n\u7cd5\u70b9\u7684\u9999\u6c14\uff0c\u5982\u674f\u4ec1\u751c\u9152\u3001\u53ef\u53ef\u3001\u9165\u76ae\u3001\u70ed\u9ec4\u6cb9\u3001\u7126\u7cd6\u548c\u592a\u5983\u7cd6\u7684\u9999\u6c14\uff0c\u4f7f\u4e4b\u66f4\u52a0\u7a81\u51fa\u3002<br \/>\n\u5728\u53e3\u4e2d\uff0c\u6c14\u6ce1\u662f\u4e00\u79cd\u7231\u629a\uff0c\u4e0e\u9f3b\u5b50\u4e0a\u5df2\u7ecf\u8868\u8fbe\u7684\u611f\u89c9\u4ea4\u66ff\u51fa\u73b0\uff0c\u5176\u4e2d\u9002\u53e3\u6027\u7684\u7279\u5f81\u5360\u4e86\u4e0a\u98ce\uff0c\u5e76\u4ee5\u5e72\u71e5\u548c\u975e\u5e38\u957f\u7684\u4f59\u5473\u6765\u8868\u8fbe\uff0c\u5e26\u4f60\u56de\u5230\u8fc7\u53bb\uff0c\u56de\u5230\u9152\u7a96\u7684\u53e4\u8001\u6c14\u5473\u4e2d\u3002<br \/>\n\u9999\u5473\u7684\u6301\u4e45\u6027\u662f\u5927\u80c6\u7684\uff0c\u971e\u591a\u4e3d\u7684\u5976\u6cb9\u5473\u662f\u5bf9\u611f\u77e5\u9ed1\u76ae\u8bfa\u7684\u529b\u91cf\u7684\u9080\u8bf7\u3002B\u00e8lon du B\u00e8lon Pas Dos\u00e9\u73cd\u85cf1997\u662f\u4e3a\u91cd\u8981\u591c\u665a\u51c6\u5907\u7684\u8461\u8404\u9152\uff0c\u5b83\u5728\u53e3\u611f\u4e0a\u7684\u67d4\u8f6f\u5ea6\u544a\u8bc9\u6211\u4eec\u5b83\u7684\u5e74\u9f84\uff1a\u968f\u7740\u65f6\u95f4\u7684\u6d41\u901d\uff0c\u538b\u529b\u88ab\u524a\u5f31\u52304.5\u4e2a\u5927\u6c14\u538b\uff0c\u4ea7\u751f\u4e86\u7ec6\u817b\u548c\u975e\u5e38\u7cbe\u7f8e\u7684\u6c14\u6ce1\uff0c\u4f18\u96c5\u5730\u7b3c\u7f69\u7740\u53e3\u611f\u3002<br \/>\n\u4e00\u4e2a\u201c\u51a5\u60f3 \u201d\u7684\u5f17\u6717\u897f\u65af\u79d1\u5854\uff0c\u53ef\u4ee5\u6ee1\u8db3\u6700\u6709\u6587\u5316\u548c\u6700\u82db\u523b\u7684\u7cbe\u795e\u3002\u5728\u590d\u6742\u6027\u3001\u67d4\u8f6f\u6027\u548c\u5f3a\u5ea6\u4e4b\u95f4\uff0c\u5b83\u53ef\u4ee5\u5355\u72ec\u88ab\u8bb0\u4f4f\uff0c\u751a\u81f3\u4e0d\u4f34\u6709\u98df\u7269\u3002\u5076\u5c14\uff0c\u53ef\u4ee5\u6700\u597d\u5730\u63d0\u5347\u7f8e\u5473\u4f73\u80b4\u7684\u53e3\u611f\u3002<br \/>\nMade in Italy, contains sulphites.<\/p>\n<div id='gallery-1' class='gallery galleryid-2246 gallery-columns-4 gallery-size-thumbnail'><figure class='gallery-item'>\n\t\t\t<div class='gallery-icon landscape'>\n\t\t\t\t<a href='https:\/\/franciacortabelon.it\/wp-content\/uploads\/wein-plus-vino-eccellente.jpg'><img width=\"300\" height=\"300\" src=\"https:\/\/franciacortabelon.it\/wp-content\/uploads\/wein-plus-vino-eccellente-300x300.jpg\" class=\"attachment-thumbnail size-thumbnail\" alt=\"\" decoding=\"async\" srcset=\"https:\/\/franciacortabelon.it\/wp-content\/uploads\/wein-plus-vino-eccellente-300x300.jpg 300w, https:\/\/franciacortabelon.it\/wp-content\/uploads\/wein-plus-vino-eccellente-600x599.jpg 600w, https:\/\/franciacortabelon.it\/wp-content\/uploads\/wein-plus-vino-eccellente-100x100.jpg 100w, https:\/\/franciacortabelon.it\/wp-content\/uploads\/wein-plus-vino-eccellente.jpg 628w\" sizes=\"(max-width: 300px) 100vw, 300px\" \/><\/a>\n\t\t\t<\/div><\/figure><figure class='gallery-item'>\n\t\t\t<div class='gallery-icon landscape'>\n\t\t\t\t<a href='https:\/\/franciacortabelon.it\/wp-content\/uploads\/attestato-winehunter-240mesi.jpg'><img width=\"300\" height=\"300\" src=\"https:\/\/franciacortabelon.it\/wp-content\/uploads\/attestato-winehunter-240mesi-300x300.jpg\" class=\"attachment-thumbnail size-thumbnail\" alt=\"\" decoding=\"async\" srcset=\"https:\/\/franciacortabelon.it\/wp-content\/uploads\/attestato-winehunter-240mesi-300x300.jpg 300w, https:\/\/franciacortabelon.it\/wp-content\/uploads\/attestato-winehunter-240mesi-100x100.jpg 100w\" sizes=\"(max-width: 300px) 100vw, 300px\" \/><\/a>\n\t\t\t<\/div><\/figure><figure class='gallery-item'>\n\t\t\t<div class='gallery-icon portrait'>\n\t\t\t\t<a href='https:\/\/franciacortabelon.it\/wp-content\/uploads\/WineMag-Pas-Dose-240-mesi.jpg'><img width=\"300\" height=\"300\" src=\"https:\/\/franciacortabelon.it\/wp-content\/uploads\/WineMag-Pas-Dose-240-mesi-300x300.jpg\" class=\"attachment-thumbnail size-thumbnail\" alt=\"\" decoding=\"async\" srcset=\"https:\/\/franciacortabelon.it\/wp-content\/uploads\/WineMag-Pas-Dose-240-mesi-300x300.jpg 300w, https:\/\/franciacortabelon.it\/wp-content\/uploads\/WineMag-Pas-Dose-240-mesi-100x100.jpg 100w\" sizes=\"(max-width: 300px) 100vw, 300px\" \/><\/a>\n\t\t\t<\/div><\/figure><figure class='gallery-item'>\n\t\t\t<div class='gallery-icon landscape'>\n\t\t\t\t<a href='https:\/\/franciacortabelon.it\/wp-content\/uploads\/attestato-guida_veronelli_2022_franciacorta_belon_wine-90.jpg'><img width=\"300\" height=\"300\" src=\"https:\/\/franciacortabelon.it\/wp-content\/uploads\/attestato-guida_veronelli_2022_franciacorta_belon_wine-90-300x300.jpg\" class=\"attachment-thumbnail size-thumbnail\" alt=\"\" decoding=\"async\" srcset=\"https:\/\/franciacortabelon.it\/wp-content\/uploads\/attestato-guida_veronelli_2022_franciacorta_belon_wine-90-300x300.jpg 300w, https:\/\/franciacortabelon.it\/wp-content\/uploads\/attestato-guida_veronelli_2022_franciacorta_belon_wine-90-100x100.jpg 100w\" sizes=\"(max-width: 300px) 100vw, 300px\" \/><\/a>\n\t\t\t<\/div><\/figure>\n\t\t<\/div>\n\n","protected":false},"featured_media":3434,"template":"","meta":{"_acf_changed":false},"product_brand":[],"product_cat":[115],"product_tag":[],"class_list":{"0":"post-2246","1":"product","2":"type-product","3":"status-publish","4":"has-post-thumbnail","6":"product_cat-putaojiu","8":"first","9":"outofstock","10":"shipping-taxable","11":"purchasable","12":"product-type-simple"},"acf":[],"_links":{"self":[{"href":"https:\/\/franciacortabelon.it\/zh-hans\/wp-json\/wp\/v2\/product\/2246","targetHints":{"allow":["GET"]}}],"collection":[{"href":"https:\/\/franciacortabelon.it\/zh-hans\/wp-json\/wp\/v2\/product"}],"about":[{"href":"https:\/\/franciacortabelon.it\/zh-hans\/wp-json\/wp\/v2\/types\/product"}],"wp:featuredmedia":[{"embeddable":true,"href":"https:\/\/franciacortabelon.it\/zh-hans\/wp-json\/wp\/v2\/media\/3434"}],"wp:attachment":[{"href":"https:\/\/franciacortabelon.it\/zh-hans\/wp-json\/wp\/v2\/media?parent=2246"}],"wp:term":[{"taxonomy":"product_brand","embeddable":true,"href":"https:\/\/franciacortabelon.it\/zh-hans\/wp-json\/wp\/v2\/product_brand?post=2246"},{"taxonomy":"product_cat","embeddable":true,"href":"https:\/\/franciacortabelon.it\/zh-hans\/wp-json\/wp\/v2\/product_cat?post=2246"},{"taxonomy":"product_tag","embeddable":true,"href":"https:\/\/franciacortabelon.it\/zh-hans\/wp-json\/wp\/v2\/product_tag?post=2246"}],"curies":[{"name":"wp","href":"https:\/\/api.w.org\/{rel}","templated":true}]}}